{"id":3689,"date":"2023-12-09T18:27:13","date_gmt":"2023-12-09T17:27:13","guid":{"rendered":"https:\/\/www.bussgeldinfo.org\/?page_id=3689"},"modified":"2025-08-31T21:46:40","modified_gmt":"2025-08-31T19:46:40","slug":"zona-de-30","status":"publish","type":"page","link":"https:\/\/www.bussgeldinfo.org\/ro\/catalogul-amenzilor\/viteza\/zona-de-30\/","title":{"rendered":"Zona de 30"},"content":{"rendered":"<h2>Depasirea vitezei in zone cu limita de viteza 30 km\/h<\/h2>\n<p>\u00cen cazul \u00eenc\u0103lc\u0103rilor \u00een interiorul zonelor urbane, se deduc 3 km\/h ca toleran\u021b\u0103 din viteza m\u0103surat\u0103.<br \/>\n\n<table id=\"tablepress-45\" class=\"tablepress tablepress-id-45\">\n<thead>\n<tr class=\"row-1 odd\">\n\t<th class=\"column-1\">Depasirea vitezei*<\/th><th class=\"column-2\">Amenda conventionala<\/th><th class=\"column-3\">Puncte penale<\/th><th class=\"column-4\">Suspendarea permisului de conducere<\/th><th class=\"column-5\">Contestare amenda conventionala<\/th>\n<\/tr>\n<\/thead>\n<tbody class=\"row-hover\">\n<tr class=\"row-2 even\">\n\t<td class=\"column-1\">Pana la 10  km\/h<\/td><td class=\"column-2\">30 \u20ac<\/td><td class=\"column-3\">-<\/td><td class=\"column-4\">-<\/td><td class=\"column-5\">Mai degraba nu<\/td>\n<\/tr>\n<tr class=\"row-3 odd\">\n\t<td class=\"column-1\">11 - 15  km\/h<\/td><td class=\"column-2\">50 \u20ac<\/td><td class=\"column-3\">-<\/td><td class=\"column-4\">-<\/td><td class=\"column-5\">Mai degraba nu<\/td>\n<\/tr>\n<tr class=\"row-4 even\">\n\t<td class=\"column-1\">16 - 20  km\/h<\/td><td class=\"column-2\">70 \u20ac<\/td><td class=\"column-3\">-<\/td><td class=\"column-4\">-<\/td><td class=\"column-5\">Mai degraba nu<\/td>\n<\/tr>\n<tr class=\"row-5 odd\">\n\t<td class=\"column-1\">21 - 25  km\/h<\/td><td class=\"column-2\">115 \u20ac<\/td><td class=\"column-3\">1<\/td><td class=\"column-4\">-<\/td><td class=\"column-5\"><a href=\"https:\/\/hilfe.bussgeldinfo.org\/check\/vorwurf\/?bg=115&pt=1&fv=0&vs=geschwindigkeit&lang=ro\" target=\"_blank\" rel=\"nofollow\" class=\"LPLink pageLP\">Verificati aici<\/a><\/td>\n<\/tr>\n<tr class=\"row-6 even\">\n\t<td class=\"column-1\">26 - 30  km\/h<\/td><td class=\"column-2\">180 \u20ac<\/td><td class=\"column-3\">1<\/td><td class=\"column-4\">(1 luna)**<\/td><td class=\"column-5\"><a href=\"https:\/\/hilfe.bussgeldinfo.org\/check\/vorwurf\/?bg=180&pt=1&fv=1**&vs=geschwindigkeit&lang=ro\" target=\"_blank\" rel=\"nofollow\" class=\"LPLink pageLP\">Verificati aici<\/a><\/td>\n<\/tr>\n<tr class=\"row-7 odd\">\n\t<td class=\"column-1\">31 - 40  km\/h<\/td><td class=\"column-2\">260 \u20ac<\/td><td class=\"column-3\">2<\/td><td class=\"column-4\">1 luna<\/td><td class=\"column-5\"><a href=\"https:\/\/hilfe.bussgeldinfo.org\/check\/vorwurf\/?bg=260&pt=2&fv=1&vs=geschwindigkeit&lang=ro\" target=\"_blank\" rel=\"nofollow\" class=\"LPLink pageLP\">Verificati aici<\/a><\/td>\n<\/tr>\n<tr class=\"row-8 even\">\n\t<td class=\"column-1\">41 - 50  km\/h<\/td><td class=\"column-2\">400 \u20ac<\/td><td class=\"column-3\">2<\/td><td class=\"column-4\">1 luna<\/td><td class=\"column-5\"><a href=\"https:\/\/hilfe.bussgeldinfo.org\/check\/vorwurf\/?bg=400&pt=2&fv=1&vs=geschwindigkeit&lang=ro\" target=\"_blank\" rel=\"nofollow\" class=\"LPLink pageLP\">Verificati aici<\/a><\/td>\n<\/tr>\n<tr class=\"row-9 odd\">\n\t<td class=\"column-1\">51 - 60  km\/h<\/td><td class=\"column-2\">560 \u20ac<\/td><td class=\"column-3\">2<\/td><td class=\"column-4\">2 luni<\/td><td class=\"column-5\"><a href=\"https:\/\/hilfe.bussgeldinfo.org\/check\/vorwurf\/?bg=560&pt=2&fv=2&vs=geschwindigkeit&lang=ro\" target=\"_blank\" rel=\"nofollow\" class=\"LPLink pageLP\">Verificati aici<\/a><\/td>\n<\/tr>\n<tr class=\"row-10 even\">\n\t<td class=\"column-1\">61 - 70  km\/h<\/td><td class=\"column-2\">700 \u20ac<\/td><td class=\"column-3\">2<\/td><td class=\"column-4\">3 luni<\/td><td class=\"column-5\"><a href=\"https:\/\/hilfe.bussgeldinfo.org\/check\/vorwurf\/?bg=700&pt=2&fv=3&vs=geschwindigkeit&lang=ro\" target=\"_blank\" rel=\"nofollow\" class=\"LPLink pageLP\">Verificati aici<\/a><\/td>\n<\/tr>\n<tr class=\"row-11 odd\">\n\t<td class=\"column-1\">Peste 70  km\/h<\/td><td class=\"column-2\">800 \u20ac<\/td><td class=\"column-3\">2<\/td><td class=\"column-4\">3 luni<\/td><td class=\"column-5\"><a href=\"https:\/\/hilfe.bussgeldinfo.org\/check\/vorwurf\/?bg=800&pt=2&fv=3&vs=geschwindigkeit&lang=ro\" target=\"_blank\" rel=\"nofollow\" class=\"LPLink pageLP\">Verificati aici<\/a><\/td>\n<\/tr>\n<\/tbody>\n<\/table>\n ** De regul\u0103, o interdic\u021bie de conducere este impus\u0103 numai dac\u0103 \u00eenc\u0103lc\u0103rile vitezei de 26 km\/h sau mai mult sunt comise de dou\u0103 ori \u00een termen de 12 luni (&#8222;\u00cenc\u0103lcarea persistent\u0103 a obliga\u021biilor&#8221;).<br \/>\n\r\n\t\t\t<div class=\"bgi-box info\">Re\u021bine\u021bi c\u0103 \u00eenc\u0103lc\u0103rile \u00een situa\u021bii speciale de trafic, \u00een special \u00een ceea ce prive\u0219te punerea <a href=\"\/ro\/pericol-pentru-traficul-rutier\/\">\u00een pericol a altor participan\u021bi la trafic<\/a>, pot duce la sanc\u021biuni considerabile p\u00e2n\u0103 la urm\u0103rirea penal\u0103 a \u00eenc\u0103lc\u0103rii ca infrac\u021biune.<\/div>\n<h2>Zona de 30<\/h2>\n<figure id=\"attachment_1752\" aria-describedby=\"caption-attachment-1752\" style=\"width: 200px\" class=\"wp-caption alignleft\"><img loading=\"lazy\" decoding=\"async\" class=\"wp-image-1752\" src=\"https:\/\/www.bussgeldinfo.org\/wp-content\/uploads\/2019\/02\/30er-zone-in-der-innenstadt-300x300.jpg\" alt=\"30er-Zone in der Innenstadt\" width=\"200\" height=\"200\" srcset=\"https:\/\/www.bussgeldinfo.org\/wp-content\/uploads\/2019\/02\/30er-zone-in-der-innenstadt-300x300.jpg 300w, https:\/\/www.bussgeldinfo.org\/wp-content\/uploads\/2019\/02\/30er-zone-in-der-innenstadt-150x150.jpg 150w, https:\/\/www.bussgeldinfo.org\/wp-content\/uploads\/2019\/02\/30er-zone-in-der-innenstadt.jpg 504w\" sizes=\"auto, (max-width: 200px) 100vw, 200px\" \/><figcaption id=\"caption-attachment-1752\" class=\"wp-caption-text\">30 de zone pentru protejarea traficului pietonal \u0219i al bicicletelor pot fi g\u0103site \u0219i \u00een centrul ora\u0219ului.<\/figcaption><\/figure>\n<p>Multor \u0219oferi se supara atunci c\u00e2nd se gr\u0103besc \u0219i trebuie s\u0103 conduc\u0103 printr-o zon\u0103 de 30, ceea ce li se pare absurd \u00een acest moment. Dar limita de vitez\u0103 are scopul s\u0103u \u0219i serve\u0219te la protejarea locuitorilor din anumite zone ale transportului public. Recent, au fost create \u0219i zone de 30 km\/h pentru a reduce poluarea mediului. Prin urmare, infractorii rutieri care circul\u0103 cu mai mult dec\u00e2t viteza maxim\u0103 prescris\u0103 \u0219i sunt str\u0103fulgera\u021bi trebuie s\u0103 se a\u0219tepte, de asemenea, la sanc\u021biuni severe.<\/p>\n<p>Zonele \u00een care viteza maxim\u0103 este de 30 km\/h servesc la calmarea traficului \u0219i, prin urmare, sunt adesea situate \u00een zone reziden\u021biale sau \u00een apropierea \u0219colilor pentru a proteja mai bine copiii afla\u021bi \u00een drum spre \u0219coal\u0103. Astfel de zone pot fi g\u0103site \u0219i \u00een rezerva\u021bii naturale. Prima zon\u0103 de 30 din Germania a fost introdus\u0103 \u00een 1983 \u00een ora\u0219ul Buxtehude din Saxonia ca proiect pilot. Temeiul juridic pentru zonele de 30 km\/h este articolul 45 alineatul (1c) din Legea privind traficul rutier (StVO).<\/p>\n<p>\u00cen zonele de 30 sunt adesea instalate aparate speciale de fotografiat, de multe ori acest lucru se \u00eent\u00e2mpl\u0103 \u00een zona \u0219colilor ca o m\u0103sur\u0103 preventiv\u0103. Ce sanc\u021biuni amenin\u021b\u0103 \u00een cazul unei infrac\u021biuni administrative \u00een zona 30 \u0219i ce mai este de luat \u00een considerare pot fi g\u0103site mai jos.<\/p>\n<h2>Ce amenzi riscati in caz de depasire a vitezei in zone de 30 km\/h ?<\/h2>\n<p>Dac\u0103 viteza maxim\u0103 este dep\u0103\u0219it\u0103 \u00eentr-o zon\u0103 de 30, \u00een Germania se aplic\u0103 acelea\u0219i reglement\u0103ri ca \u0219i \u00een cazul altor \u00eenc\u0103lc\u0103ri ale vitezei \u00een interiorul localitatilor. Dac\u0103 a\u021bi fost inregistrat \u00een zona de 30 sau \u00een zona de 50 nu se face nici o diferen\u021b\u0103. Sunt aplicate atat avertismente cat \u0219i amenzi, precum \u0219i puncte \u00een Flensburg sau chiar o interdic\u021bie de conducere. \u00cen anumite circumstan\u021be, acest lucru poate duce la sanc\u021biuni foarte mari, cu consecin\u021be pe termen mai lung.<\/p>\n<p>O \u00eenc\u0103lcare minor\u0103 prin dep\u0103\u0219irea limitei de vitez\u0103 de p\u00e2n\u0103 la 10 km\/h va fi avertizat\u0103 cu o amend\u0103 de 30 de euro. De la o vitez\u0103 de cel pu\u021bin 51 km\/h \u00een zona 30, este o abatere administrativ\u0103 mai grav\u0103 \u0219i acord\u0103 cel pu\u021bin un punct de penalizare.<\/p>\n<p>Oricine conduce cu 101 km\/h \u00een zona de 30 km\/h \u00een loc de cei 30 km\/h prev\u0103zu\u021bi \u0219i este inregistrat, trebuie s\u0103 pl\u0103teasc\u0103 o amend\u0103 de 800 de euro. \u00cen plus, exist\u0103 \u00eenscrierea a 2 puncte \u00een registrul de aptitudini de conducere din Flensburg \u0219i o interdic\u021bie de conducere de trei luni.<\/p>\n<h2>Depasirea limitei de viteza in zona de 30 km\/h<\/h2>\n<p>Toate sanc\u021biunile specificate \u00een actualul registru de amenzi pentru \u00eenc\u0103lc\u0103ri ale vitezei \u00een zona de 30 pot fi g\u0103site aici. Acelea\u0219i sanc\u021biuni se aplic\u0103 si cazul zonelor de 50 , deoarece registrul amenzilor nu face distinc\u021bie \u00eentre cele dou\u0103 zone de vitez\u0103. Amezile de p\u00e2n\u0103 la suma de 70 de euro sunt prevazute doar ca o avertizare, ceea ce \u00eenseamn\u0103 c\u0103 nu se adaug\u0103 nici un punct, nici o interdic\u021bie de conducere.<\/p>\n<h3>Amenzi cu scop de avertizare:<\/h3>\n<ul>\n<li>Depasirea vitezei cu pana la 10km\/h: Amenda de 30 de euro<\/li>\n<li>Depasirea vitezei intre 11 si 15km\/h: Amenda de 50 de euro<\/li>\n<\/ul>\n<h3>Amenda conventioanala, Puncte si Ridicarea permisului de conducere:<\/h3>\n<ul>\n<li>Depasirea vitezei intre 16 si 20 km\/h: Amenda de 70 de euro<\/li>\n<li>Depasirea vitezei intre 21 si 25 km\/h: Amenda de 115 de euro, Puncte penalizare: 1<\/li>\n<li>Depasirea vitezei intre 26 si 30 km\/h:\u00a0Amenda de 180 de euro, Puncte penalizare: 1, Suspendarea permisului: dac\u0103 este necesar 1 lun\u0103<\/li>\n<li>Depasirea vitezei intre 31 si 40 km\/h:\u00a0Amenda de 260 de euro, Puncte penalizare: 2, Suspendarea permisului: 1 luna<\/li>\n<li>Depasirea vitezei intre 41 si 50 km\/h:\u00a0Amenda de 400 de euro, Puncte penalizare: 2, Suspendarea permisului: 1 luna<\/li>\n<li>Depasirea vitezei intre 51 si 60 km\/h: Amenda de 560 de euro, Puncte penalizare: 2, Suspendarea permisului: 2 luni<\/li>\n<li>Depasirea vitezei intre 61 si 70 km\/h: Amenda de 700 de euro, Puncte penalizare: 2, Suspendarea permisului: 3 luni<\/li>\n<li>Depasirea viteza de peste 70 km\/h: 800 Euro Bu\u00dfgeld, Puncte penalizare: 2, Suspendarea permisului: 3 luni<\/li>\n<\/ul>\n<h2>De ce si unde exista Zone cu limita de viteza 30 km\/h<\/h2>\n<p>Motivele existentei unor astel de zone sunt specificate \u00een \u00a745 StVO. Trei motive importante pentru stabilirea unei zone de 30 km\/h ar fi:<\/p>\n<ul>\n<li>\u00cembun\u0103t\u0103\u021birea siguran\u021bei rutiere<\/li>\n<li>Reducerea emisiilor, at\u00e2t a gazelor de e\u0219apament, c\u00e2t \u0219i a zgomotului<\/li>\n<li>Calitatea mediului de via\u021b\u0103.<\/li>\n<\/ul>\n<p>Aceste zone de 30 exist\u0103 \u00een principal \u00een zonele reziden\u021biale. Aici soferii ar trebui s\u0103 \u00eencetineasc\u0103 , astfel \u00eenc\u00e2t locuitorii s\u0103 fie proteja\u021bi. Acest lucru este destinat s\u0103 protejeze \u00eempotriva zgomotului \u0219i s\u0103 reduc\u0103 poluarea cauzat\u0103 de gazele de e\u0219apament \u0219i, astfel, s\u0103 \u00eembun\u0103t\u0103\u021beasc\u0103 calitatea vie\u021bii \u00een zonele corespunz\u0103toare. \u00cen plus, zonele de 30 ar trebui s\u0103 contribuie, de asemenea, la prevenirea accidentelor. \u00cen vecin\u0103tatea \u0219colilor, zonele de 30 km\/h ar trebui, de asemenea, s\u0103 serveasc\u0103 la protejarea copiilor \u00een calitate de participan\u021bi la trafic neexperimenta\u021bi. \u00cen plus, exist\u0103, de obicei, o mul\u021bime de pietoni \u0219i bicicli\u0219ti \u00een aceast\u0103 zon\u0103.<\/p>\n<h3>Zone de 30 km\/h exista doar in interiorul localitatilor<\/h3>\n<p>Conform regulamentului din Codul Rutier, exist\u0103 zone de 30 doar \u00een interiorul localitatilor nu si \u00een afara ora\u0219ului. Acolo ve\u021bi g\u0103si zone de 30 km\/h, \u00een special \u00een &#8222;zone reziden\u021biale \u0219i zone cu densitate ridicat\u0103 a traficului pietonal \u0219i pentru biciclete, precum \u0219i cerin\u021be ridicate de trecere&#8221;.<\/p>\n<p>Punctele \u00een care sunt amenajate zone de 30 de persoane sunte stabilite de autorit\u0103\u021bile rutiere, \u00eempreun\u0103 cu municipalit\u0103\u021bile. Acestea nu trebuie s\u0103 fie situate pe drumuri federale, de regionale \u0219i locale sau pe alte drumuri prioritare. \u00cen plus, zona poate include numai drumurile pe care i intersec\u021biile sunt reglementate f\u0103r\u0103 semne luminoase. Acela\u0219i lucru este valabil \u0219i pentru drumurile cu limite de band\u0103 de rulare, linii de orientare \u0219i utilizarea obligatorie a pistelor de biciclisti.<\/p>\n<h3>Semnalizarea zonei de 30 km\/h<\/h3>\n<p><img loading=\"lazy\" decoding=\"async\" class=\"alignnone wp-image-1748 size-thumbnail\" src=\"https:\/\/www.bussgeldinfo.org\/wp-content\/uploads\/2019\/02\/30er-zone-schild-anfang-150x150.png\" alt=\"Verkehrsschild f\u00fcr den Beginn einer 30er Zone\" width=\"150\" height=\"150\" srcset=\"https:\/\/www.bussgeldinfo.org\/wp-content\/uploads\/2019\/02\/30er-zone-schild-anfang-150x150.png 150w, https:\/\/www.bussgeldinfo.org\/wp-content\/uploads\/2019\/02\/30er-zone-schild-anfang-300x300.png 300w, https:\/\/www.bussgeldinfo.org\/wp-content\/uploads\/2019\/02\/30er-zone-schild-anfang.png 500w\" sizes=\"auto, (max-width: 150px) 100vw, 150px\" \/> <img loading=\"lazy\" decoding=\"async\" class=\"alignnone wp-image-1749 size-thumbnail\" src=\"https:\/\/www.bussgeldinfo.org\/wp-content\/uploads\/2019\/02\/30er-zone-schild-ende-150x150.png\" alt=\"Verkehrsschild f\u00fcr das Ende einer 30er Zone\" width=\"150\" height=\"150\" srcset=\"https:\/\/www.bussgeldinfo.org\/wp-content\/uploads\/2019\/02\/30er-zone-schild-ende-150x150.png 150w, https:\/\/www.bussgeldinfo.org\/wp-content\/uploads\/2019\/02\/30er-zone-schild-ende-300x300.png 300w, https:\/\/www.bussgeldinfo.org\/wp-content\/uploads\/2019\/02\/30er-zone-schild-ende.png 500w\" sizes=\"auto, (max-width: 150px) 100vw, 150px\" \/><\/p>\n<p>O zon\u0103 de 30 km\/h este ini\u021biat\u0103 cu un semn de circula\u021bie pe care exist\u0103 un &#8222;30&#8221; negru m\u0103rginit cu ro\u0219u. Dedesubt se afl\u0103 cuv\u00e2ntul &#8222;zon\u0103&#8221;. Sf\u00e2r\u0219itul zonei este, de asemenea, marcat. Semnul sfarsitului zonei este structurat ca si cel initial, dar scrisul \u0219i cercul sunt gri \u0219i, de asemenea, traversate de dungi negre diagonale. O zon\u0103 de 30 poate fi, de asemenea, utilizat\u0103 ca o completare la semnul cu un marcaj al carosabilului, care poate ar\u0103ta diferit. Cu toate acestea, factorul decisiv este semnul, f\u0103r\u0103 de care marcajul rutier nu are nici un sens.<\/p>\n<h3>Regula prioritatii in zona de 30 km\/h<\/h3>\n<p>\u00cen zona 30 se aplic\u0103 \u00een principiu regula dreptului de trecere &#8222;dreapta \u00eenainte de st\u00e2nga&#8221;, \u00een conformitate cu punctul 8 alineatul (1) teza 1 din Codul Rutier. Excep\u021bie fac \u00eens\u0103 zonele de 30 km\/h cu semafoare, care au fost executate \u00eenainte de 1 noiembrie 2000. Aici nu se aplic\u0103 nicio regul\u0103 de dreapta \u00eenainte de st\u00e2nga, ci semnul semaforului.<\/p>\n<h3>Parcarea in zona de 30 km\/h<\/h3>\n<p>Nu exist\u0103 o interdic\u021bie general\u0103 de parcare \u00een zona de 30 km\/h. Parcarea este permis\u0103 atat timp cat nu este interzis\u0103 printr-o statie de autobuz sau semn de parcare interzisa. Conduc\u0103torii auto trebuie, de asemenea, s\u0103 respecte reglement\u0103rile generale de oprire \u0219i parcare, cum ar fi parcarea numai \u00een direc\u021bia de deplasare \u0219i \u00een interiorul locurilor de parcare.<\/p>\n<h3>Ati fost inregistrat de obiectiv intr-o zona de 30 km\/h?<\/h3>\n<p>Deoarece zona de 30 km\/h este urmata de obicei de o zona de 50 km\/h, mul\u021bi \u0219oferi tind s\u0103 dep\u0103\u0219easc\u0103 viteza maxim\u0103 permis\u0103 \u00een zona de 30 km\/h. \u00ceninteriorul localitatilor, acelea\u0219i amenzi \u0219i sanc\u021biuni se aplic\u0103 atat in zonele de 50 cat si in cele de 30. \u00cen func\u021bie de c\u00e2ti km\/h a fost depasita viteza, va pot ameninta atat punctele cat \u0219i interdic\u021bia de a conduce.<\/p>\n<h3>Cat de necesara ar fi o contestatie a amenzii conventionale intr-un astfel de caz?<\/h3>\n<p>A\u021bi fost inregistrat de un obiectiv \u00eentr-o zona 30 \u0219i a\u021bi primit o amend\u0103? \u00cen multe cazuri, amenzile sunt incorecte \u0219i poate fi util s\u0103 se depun\u0103 o contestatie. Dac\u0103, de exemplu, nu Dvs. Sunte\u021bi \u00een fotografia din decizia de amendare, ci o alt\u0103 persoan\u0103, atunci pute\u021bi depune o plangere\/contestatie la decizie \u00een termen de dou\u0103 s\u0103pt\u0103m\u00e2ni. Cu toate acestea, exist\u0103 \u0219i gre\u0219eli pe care nu le pute\u021bi recunoa\u0219te sau numai cu mare efort \u0219i pentru care merit\u0103 s\u0103 consulta\u021bi un avocat.<\/p>\n<h3>Concluzie<\/h3>\n<p>\u00cen afar\u0103 de faptul c\u0103 nimeni nu ar dori s\u0103 fie inregistrat de un obiectiv, \u0219oferii ar trebui tostui s\u0103 respecte limita de vitez\u0103 \u00een zonele corespunz\u0103toare. Deoarece regula &#8222;dreapta-\u00eenainte de st\u00e2nga&#8221; se aplic\u0103 \u00een principiu \u00een zonele de 30, oricum nu are sens s\u0103 conduce\u021bi mai repede, fiindca in acest caz fr\u00e2narea ar trebui s\u0103 fie \u00een mod corespunz\u0103tor mai drastic\u0103 atunci c\u00e2nd se acord\u0103 dreptul de trecere.<\/p>\n","protected":false},"excerpt":{"rendered":"<p>Depasirea vitezei in zone cu limita de viteza 30 km\/h \u00cen cazul \u00eenc\u0103lc\u0103rilor \u00een interiorul zonelor urbane, se deduc 3 km\/h ca toleran\u021b\u0103 din viteza m\u0103surat\u0103. ** De regul\u0103, o interdic\u021bie de conducere este impus\u0103 numai dac\u0103 \u00eenc\u0103lc\u0103rile vitezei de 26 km\/h sau mai mult sunt comise de dou\u0103 ori \u00een termen de 12 luni [&hellip;]<\/p>\n","protected":false},"author":1,"featured_media":3690,"parent":3650,"menu_order":0,"comment_status":"closed","ping_status":"closed","template":"","meta":{"_acf_changed":false,"footnotes":""},"class_list":["post-3689","page","type-page","status-publish","has-post-thumbnail","hentry"],"acf":[],"_links":{"self":[{"href":"https:\/\/www.bussgeldinfo.org\/ro\/wp-json\/wp\/v2\/pages\/3689","targetHints":{"allow":["GET"]}}],"collection":[{"href":"https:\/\/www.bussgeldinfo.org\/ro\/wp-json\/wp\/v2\/pages"}],"about":[{"href":"https:\/\/www.bussgeldinfo.org\/ro\/wp-json\/wp\/v2\/types\/page"}],"author":[{"embeddable":true,"href":"https:\/\/www.bussgeldinfo.org\/ro\/wp-json\/wp\/v2\/users\/1"}],"replies":[{"embeddable":true,"href":"https:\/\/www.bussgeldinfo.org\/ro\/wp-json\/wp\/v2\/comments?post=3689"}],"version-history":[{"count":4,"href":"https:\/\/www.bussgeldinfo.org\/ro\/wp-json\/wp\/v2\/pages\/3689\/revisions"}],"predecessor-version":[{"id":3970,"href":"https:\/\/www.bussgeldinfo.org\/ro\/wp-json\/wp\/v2\/pages\/3689\/revisions\/3970"}],"up":[{"embeddable":true,"href":"https:\/\/www.bussgeldinfo.org\/ro\/wp-json\/wp\/v2\/pages\/3650"}],"wp:featuredmedia":[{"embeddable":true,"href":"https:\/\/www.bussgeldinfo.org\/ro\/wp-json\/wp\/v2\/media\/3690"}],"wp:attachment":[{"href":"https:\/\/www.bussgeldinfo.org\/ro\/wp-json\/wp\/v2\/media?parent=3689"}],"curies":[{"name":"wp","href":"https:\/\/api.w.org\/{rel}","templated":true}]}}