{"id":3664,"date":"2023-12-09T04:49:18","date_gmt":"2023-12-09T03:49:18","guid":{"rendered":"https:\/\/staging.bussgeldinfo.org\/?page_id=3664"},"modified":"2025-08-31T21:37:59","modified_gmt":"2025-08-31T19:37:59","slug":"bautura-si-conducere-in-germania","status":"publish","type":"page","link":"https:\/\/www.bussgeldinfo.org\/ro\/catalogul-amenzilor\/bautura-si-conducere-in-germania\/","title":{"rendered":"B\u0103utur\u0103 \u0219i conducere \u00een Germania"},"content":{"rendered":"<div class=\"responsive-tabs\">\n<h2 class=\"tabtitle\">tabel<\/h2>\n<div class=\"tabcontent\">\n<br \/>\n<\/p>\n<h2>Consumul de alcool in traficul rutier<\/h2>\n<p>Orice persoan\u0103 care conduce un vehicul sub influen\u021ba alcoolului risc\u0103 sanc\u021biuni severe. Calculatorul amenzii arat\u0103 consecin\u021bele individuale ale unei \u00eenc\u0103lc\u0103ri a alcoolului. Catalogul amenzilor prevede urm\u0103toarele sanc\u021biuni pentru conducerea unui autovehicul sub influen\u021ba alcoolului:<\/p>\n<h2>Catalogul amenzilor, Consumul de alcool 2026<\/h2>\n<h3>delict<\/h3>\n<p>Conducerea unui vehicul cu o concentratie de alcool de 0,5 mg\/l dar mai pu\u021bin de 1,1 mg\/l la mie, f\u0103r\u0103 ca \u0219oferul s\u0103 prezinte semne de avarie sau s\u0103 pun\u0103 \u00een pericol al\u021bi participan\u021bi la trafic<\/p>\n<p>\n<table id=\"tablepress-3\" class=\"tablepress tablepress-id-3\">\n<thead>\n<tr class=\"row-1 odd\">\n\t<th class=\"column-1\">Nr. incalcarilor <\/th><th class=\"column-2\">Amenda conventionala<\/th><th class=\"column-3\">Puncte penale<\/th><th class=\"column-4\">Suspendarea permisului de conducere<\/th><th class=\"column-5\">Contestare amenda conventionala<\/th>\n<\/tr>\n<\/thead>\n<tbody class=\"row-hover\">\n<tr class=\"row-2 even\">\n\t<td class=\"column-1\">1. Incalcare<\/td><td class=\"column-2\">500 \u20ac<\/td><td class=\"column-3\">2<\/td><td class=\"column-4\">1 luna<\/td><td class=\"column-5\"><a href=\"https:\/\/hilfe.bussgeldinfo.org\/check\/vorwurf\/?bg=500&pt=2&fv=1&vs=alkohol&lang=ro\" target=\"_blank\" rel=\"nofollow\" class=\"LPLink pageLP\">Verificati aici<\/a><\/td>\n<\/tr>\n<tr class=\"row-3 odd\">\n\t<td class=\"column-1\">2. Incalcare<\/td><td class=\"column-2\">1.000 \u20ac<\/td><td class=\"column-3\">2<\/td><td class=\"column-4\">3 luni<\/td><td class=\"column-5\"><a href=\"https:\/\/hilfe.bussgeldinfo.org\/check\/vorwurf\/?bg=1000&pt=2&fv=3&vs=alkohol&lang=ro\" target=\"_blank\" rel=\"nofollow\" class=\"LPLink pageLP\">Verificati aici<\/a><\/td>\n<\/tr>\n<tr class=\"row-4 even\">\n\t<td class=\"column-1\">3. Incalcare<\/td><td class=\"column-2\">1.500 \u20ac<\/td><td class=\"column-3\">2<\/td><td class=\"column-4\">3 luni<\/td><td class=\"column-5\"><a href=\"https:\/\/hilfe.bussgeldinfo.org\/check\/vorwurf\/?bg=1500&pt=2&fv=3&vs=alkohol&lang=ro\" target=\"_blank\" rel=\"nofollow\" class=\"LPLink pageLP\">Verificati aici<\/a><\/td>\n<\/tr>\n<\/tbody>\n<\/table>\n\r\n\t\t\t\t<a href=\"https:\/\/hilfe.bussgeldinfo.org\/check\/vorwurf\/?lang=ro\" target=\"_blank\" rel=\"nofollow\" class=\"LPLink LPBanner \">\r\n\t\t\t\t\t<div class=\"LPBanner-text\"><strong>Obiec\u021bie la o amend\u0103?<\/strong><br>Ein O <strong>obiec\u021bie <\/strong> poate fi util\u0103, deoarece multe notific\u0103ri fine con\u021bin erori.<br><span class=\"cta\">Verific\u0103-\u021bi op\u021biunile aici gratuit!<\/span><\/div>\r\n\t\t\t\t<\/a>\t\t\t\t\t\t\t\r\n\t\t\t\t\n<h3>Infractiune<\/h3>\n<p>Punerea \u00een pericol a altor participan\u021bi la trafic sau accident cu mai mult de 0,3 la mie sau conducerea unui vehicul cu mai mult de 1,09 la mie<\/p>\n\n<table id=\"tablepress-4\" class=\"tablepress tablepress-id-4\">\n<thead>\n<tr class=\"row-1 odd\">\n\t<th class=\"column-1\">Incalcare<\/th><th class=\"column-2\">Pedeapsa\/Amenda<\/th><th class=\"column-3\">Puncte penale<\/th><th class=\"column-4\">Suspendarea permisului de conducere<\/th><th class=\"column-5\">Contestare amenda conventionala<\/th>\n<\/tr>\n<\/thead>\n<tbody class=\"row-hover\">\n<tr class=\"row-2 even\">\n\t<td class=\"column-1\">Punerea in pericol al traficului cu un consum de la 0,3 mg\/l<\/td><td class=\"column-2\">\u00een func\u021bie de venit, eventual pedeapsa cu \u00eenchisoarea<\/td><td class=\"column-3\">3<\/td><td class=\"column-4\">Retragerea permisului de conducere<\/td><td class=\"column-5\"><a href=\"https:\/\/hilfe.bussgeldinfo.org\/check\/vorwurf\/?bg=999&pt=3&fv=999&vs=alkohol&lang=ro\" target=\"_blank\" rel=\"nofollow\" class=\"LPLink pageLP\">Verificati aici<\/a><\/td>\n<\/tr>\n<tr class=\"row-3 odd\">\n\t<td class=\"column-1\">Nivelul de alcool \u00een s\u00e2nge mai mare de 1,09 mg\/l <\/td><td class=\"column-2\">\u00een func\u021bie de venit, eventual pedeapsa cu \u00eenchisoarea<\/td><td class=\"column-3\">3<\/td><td class=\"column-4\">Retragerea permisului de conducere<\/td><td class=\"column-5\"><a href=\"https:\/\/hilfe.bussgeldinfo.org\/check\/vorwurf\/?bg=999&pt=3&fv=999&vs=alkohol&lang=ro\" target=\"_blank\" rel=\"nofollow\" class=\"LPLink pageLP\">Verificati aici<\/a><\/td>\n<\/tr>\n<\/tbody>\n<\/table>\n\n<p>Conducerea sub influen\u021ba alcoolului sau a drogurilor este aspru pedepsit\u0103 \u00een \u00eentreaga Europ\u0103 dac\u0103 limitele respective sunt dep\u0103\u0219ite. Alcoolul este una dintre cele mai importante cauze ale accidentelor. Numeroase studii \u0219tiin\u021bifice au ar\u0103tat c\u0103 alcoolul chiar \u0219i \u00een cantit\u0103\u021bi mici duce la reducerea capacit\u0103\u021bii de conducere. \u00cen cazul \u00een care valorile limit\u0103 sunt dep\u0103\u0219ite, legiuitorul presupune, prin urmare, c\u0103 conduc\u0103torul auto prezint\u0103 un risc pentru siguran\u021ba rutier\u0103 general\u0103 \u0219i pentru via\u021ba celorlal\u021bi participan\u021bi la trafic. Sanc\u021biunile prev\u0103zute \u00een catalogul amenzilor sunt \u00een mod corespunz\u0103tor aspre. Acestea variaz\u0103 de la amenzi mari la interdic\u021bii de conducere, retragerea permisului de conducere p\u00e2n\u0103 la urm\u0103rirea penal\u0103 a \u00eenc\u0103lc\u0103rii ca infrac\u021biune, prin care chiar \u0219i pedepsele cu \u00eenchisoarea pot amenin\u021ba.<\/p>\n\r\n\t\t\t<div class=\"bgi-box info\"> <strong>Prevederile Codului penal:<\/strong><\/p>\n<ul>\n<li>Articolul 315b din Codul penal incrimineaz\u0103 ingerin\u021bele periculoase \u00een traficul rutier, chiar dac\u0103 acestea nu au loc la conducerea unui vehicul.<\/li>\n<li>Articolul 315c din Codul penal define\u0219te ac\u021biunile \u00een timpul conducerii unui autovehicul care trebuie considerate un pericol de circula\u021bie.<\/li>\n<li>Articolul \u00a7316 din Codul penal incrimineaz\u0103, de asemenea, be\u021bia \u00een traficul rutier, chiar dac\u0103 nu exist\u0103 niciun pericol \u00een conformitate cu \u00a7315b sau \u00a7315c StGB.<\/li>\n<\/ul>\n<\/div>\n<h2>Limitele amenzilor \u0219i ale infrac\u021biunilor \u00een detaliu<\/h2>\n<figure id=\"attachment_208\" aria-describedby=\"caption-attachment-208\" style=\"width: 225px\" class=\"wp-caption alignleft\"><a href=\"\/wp-content\/uploads\/2015\/11\/Alkohol-am-Steuer-e1448557476714.jpg\"><img loading=\"lazy\" decoding=\"async\" class=\"size-medium wp-image-208\" src=\"\/wp-content\/uploads\/2015\/11\/Alkohol-am-Steuer-225x300.jpg\" alt=\"Nu este o idee bun\u0103: consumul de alcool \u0219i conducerea autovehiculului vor fi aspru pedepsi\u021bi.\" width=\"225\" height=\"300\" \/><\/a><figcaption id=\"caption-attachment-208\" class=\"wp-caption-text\">Nu este o idee bun\u0103: consumul de alcool \u0219i conducerea autovehiculului vor fi aspru pedepsi\u021bi.<\/figcaption><\/figure>\n<p>Infrac\u021biunile pentru conducerea sub influen\u021ba alcoolului sunt, \u00een esen\u021b\u0103, diferen\u021biate \u00een func\u021bie de incapacitatea relativ\u0103 sau absolut\u0103 de a conduce. Clasificarea drept infrac\u021biune administrativ\u0103 sau infrac\u021biune depinde, de asemenea, de faptul dac\u0103 al\u021bi participan\u021bi la trafic au fost periclita\u021bi.<\/p>\n<h3>De la 1,6 mg\/l: INFRACTIUNE \u2013 Urmarire penala conform Codului Penal<\/h3>\n<p>Conducerea unui vehicul cu un con\u021binut de alcool \u00een s\u00e2nge mai mare de 1,6 mg\/l este considerat\u0103 infrac\u021biune (articolul 316 din Codul penal) din cauza incapacit\u0103\u021bii absolute de a conduce. \u00cen plus, legiuitorul presupune c\u0103 o alcoolemie \u00een s\u00e2nge de 1,6 mg\/l poate fi atins\u0103 numai dac\u0103 organismul este obi\u0219nuit cu consumul regulat de alcool, adic\u0103 dac\u0103 f\u0103ptuitorul bea frecvent. Pe l\u00e2ng\u0103 amenzile substan\u021biale \u0219i trei puncte din registrul de aptitudini de conducere, permisul de conducere este retras pentru cel pu\u021bin \u0219ase luni. Permisul de conducere nu este returnat automat. Pentru a reemite permisul de conducere, este necesar\u0103 \u00een mod regulat promovarea unui examen medico-psihologic (MPU). Amenzile se calculeaz\u0103 \u00een func\u021bie de venit (ratele zilnice). \u00cen func\u021bie de gravitatea infrac\u021biunii, sanc\u021biunile sunt unul sau mai multe salarii nete lunare. Dac\u0103 exist\u0103 un pericol pentru traficul rutier \u00een leg\u0103tur\u0103 cu conducerea \u00een stare de ebrietate (\u00a7315b sau 315c StGB), acest lucru are de obicei un efect agravant.<\/p>\n\r\n\t\t\t<div class=\"bgi-box alert\">Urm\u0103toarele se aplic\u0103, de asemenea, infrac\u021biunilor de consum de alcool la volan : \u00cen cazul \u00een care instan\u021ba impune o pedeaps\u0103 mai mare de 90 de rate zilnice, se consider\u0103 c\u0103 persoana condamnat\u0103 are antecedente penale.<\/div>\n<h3>De la 1,1 mg\/l la 1,59 mg\/l: INFRACTIUNE \u2013 Urmarire penala conform Codului Penal<\/h3>\n<p>Cu o valoare a alcoolemiei \u00een s\u00e2nge de 1,1mg\/l, exist\u0103 incapacitate absolut\u0103 de a conduce. \u00cen cazul \u00een care un vehicul este totu\u0219i condus sau se \u00eencearc\u0103 acest lucru, este o infrac\u021biune \u00een conformitate cu \u00a7316 StGB, cu excep\u021bia cazului \u00een care exist\u0103 o amenin\u021bare suplimentar\u0103 pentru traficul rutier \u00een conformitate cu \u00a7315b sau \u00a7315c. Consecin\u021bele sunt: cel pu\u021bin \u0219ase luni de retragere a permisului de conducere, trei puncte \u00een Flensburg \u0219i o amend\u0103 \u00een func\u021bie de venit.<\/p>\n<h3>De la 0,5 mg\/l la 1,09 mg\/l: INFRAC\u021aIUNE ADMINISTRATIV\u0102 \u2013 dac\u0103 nimeni nu a fost pus \u00een pericol<\/h3>\n<p>Dac\u0103 un \u0219ofer conduce un vehicul cu o valoarea alcoolica de 0,5 mg\/l p\u00e2n\u0103 la 1,09 mg\/l, acesta comite o infrac\u021biune administrativ\u0103 din cauza incapacit\u0103\u021bii relative de a conduce \u2013 dar numai dac\u0103 nu conduce vizibil sau chiar prezint\u0103 semne de e\u0219ec \u0219i dac\u0103 nu pune \u00een pericol pe nimeni \u0219i nici m\u0103car nu provoac\u0103 un accident. \u00cen acest context, \u00eens\u0103, chiar \u0219i micile pagube minore \u00een timpul parc\u0103rii pot fi considerate accidente. \u00cen aceste din urm\u0103 cazuri, \u00eenc\u0103lcarea ar urma s\u0103 fie urm\u0103rit\u0103 penal ca infrac\u021biune.<br \/>\n\u00cen cazul \u00een care exist\u0103 o infrac\u021biune administrativ\u0103, sanc\u021biunea depinde de frecven\u021ba cu care conduc\u0103torul auto a devenit vizibil pentru infrac\u021biunile legate de alcool:<\/p>\n<ul>\n<li>1. Incalcare: 500 \u20ac &#8211; 2 Puncte &#8211; Ridicarea permisului: 1 luna<\/li>\n<li>2. Incalcare: 1.000 \u20ac &#8211; 2 Puncte &#8211; Ridicarea permisului: 3 luni<\/li>\n<li>3. Incalcare: 1.500 \u20ac &#8211; 2 Puncte &#8211; Ridicarea permisului: 3 luni<\/li>\n<\/ul>\n<h3>Infractiunea cu retragerea permisului de conducere deja de la 0,3 mg\/l?<\/h3>\n<p>Mul\u021bi participan\u021bi la trafic cunosc doar limita de 0,5 mg\/l \u0219i \u00ee\u0219i ajusteaz\u0103 consumul de alcool \u00een consecin\u021b\u0103. Cu toate acestea, presupunerea c\u0103 pute\u021bi conduce \u00een continuare dup\u0103 dou\u0103 pahare de bere prezint\u0103 riscuri considerabile dac\u0103 restric\u021biile \u00een comportamentul de conducere devin evidente. Oricine comite gre\u0219eli de conducere dup\u0103 ce a consumat alcool, de exemplu, nu ia \u00een considerare o lumin\u0103 ro\u0219ie sau dreptul de trecere, p\u0103streaz\u0103 prea pu\u021bin\u0103 distan\u021b\u0103 sau conduce \u00een linii de \u0219arpe, poate fi acuzat de o incapacitate relativ\u0103 de a conduce din cauza influen\u021bei alcoolului \u2013 chiar \u0219i cu mai pu\u021bin de 0,5mg\/l. Deja valoarea de 0,3 mg\/l amenin\u021b\u0103 cu urm\u0103rirea penal\u0103 pentru punerea \u00een pericol a traficului rutier din cauza simptomelor legate de consumul de alcool.<\/p>\n\r\n\t\t\t\t<a href=\"https:\/\/hilfe.bussgeldinfo.org\/check\/vorwurf\/?lang=ro\" target=\"_blank\" rel=\"nofollow\" class=\"LPLink LPBanner \">\r\n\t\t\t\t\t<div class=\"LPBanner-text\"><strong>Obiec\u021bie la o amend\u0103?<\/strong><br>Ein O <strong>obiec\u021bie <\/strong> poate fi util\u0103, deoarece multe notific\u0103ri fine con\u021bin erori.<br><span class=\"cta\">Verific\u0103-\u021bi op\u021biunile aici gratuit!<\/span><\/div>\r\n\t\t\t\t<\/a>\t\t\t\t\t\t\t\r\n\t\t\t\t\n<h3>Pentru ce perioada este revocat permisul de conducere \u00een caz de consum ridicat de alcool?<\/h3>\n<p>Instan\u021bele sunt relativ libere s\u0103 stabileasc\u0103 durata retragerii permisului de conducere \u0219i cuantumul amenzii. Judec\u0103torul va lua \u00een considerare nivelul de alcool din s\u00e2nge \u0219i orice \u00eenc\u0103lc\u0103ri repetate. Valorile brute sunt de aproximativ 6-9 luni retragerea permisului de conducere la 1,2 la 1,6 mg\/l, la 1,6 la 2,0 mg\/l sunt mai susceptibile de 9-12 luni s\u0103 fie de a\u0219teptat, peste 2,0 mg\/l, sanc\u021biunile merg mai mult \u00een direc\u021bia de 18 luni la mai mul\u021bi ani.<br \/>\nJudec\u0103torul poate chiar s\u0103 dispun\u0103 retragerea permisului de conducere f\u0103r\u0103 un termen limit\u0103. \u00cen plus fa\u021b\u0103 de un MPU obligatoriu (examen medico-psihologic) pentru nivelurile de alcool de peste 1,6 mg\/l, judec\u0103torul poate dispune, de asemenea, ca delincventul s\u0103 dovedeasc\u0103 o abstinen\u021b\u0103 de 12 luni de la alcool \u00eenainte de a putea solicita reemiterea unui permis de conducere. \u00cen acest scop, urina trebuie s\u0103 fie testat\u0103 \u00een mod regulat de c\u0103tre organisme de control autorizate oficial \u00een timpul perioadei de blocare. Cei afecta\u021bi sunt ruga\u021bi aleatoriu s\u0103 prezinte o prob\u0103 de urin\u0103 sub supraveghere \u00een termen de 24 de ore de cel pu\u021bin patru ori \u00een termen de 6 luni. Aceste teste sunt supuse unei taxe pentru cei afecta\u021bi (aproximativ 100 \u20ac pe e\u0219antion).<\/p>\n<h2>Atentie la bicicli\u0219ti \u0219i pietoni<\/h2>\n<h3>Consumul de alcool \u00een traficul rutier si \u00een r\u00e2ndul bicicli\u0219tilor \u0219i pietonilor<\/h3>\n<p>Pietonii \u0219i bicicli\u0219tii particip\u0103, de asemenea, la traficul rutier. Textul legii nu numai c\u0103 incrimineaz\u0103 conducerea unui autovehicul, ci se aplic\u0103 \u00een mod expres tuturor vehiculelor. Pentru bicicli\u0219ti, acest lucru \u00eenseamn\u0103 c\u0103 sunt considera\u021bi absolut inap\u021bi s\u0103 conduc\u0103 de la un con\u021binut de alcool de 1,6 mg\/l. Prin urmare autorit\u0103\u021bile rutiere pot concluziona c\u0103 biciclistul nu este potrivit pentru conducerea unui autovehicul \u0219i, \u00een consecin\u021b\u0103 i se retrage permisiunea de a conducere. O biciclet\u0103 electronic\u0103 supus\u0103 asigur\u0103rii obligatorii este considerat\u0103 oricum un autovehicul, cu toate consecin\u021bele legale. Ca \u0219i \u00een cazul \u0219oferilor, returnarea permisului de conducere se face \u00een func\u021bie de existen\u021ba unui MPU.<\/p>\n<p>Chiar \u0219i pietonii pot fi urm\u0103ri\u021bi penal pentru punerea \u00een pericol a traficului rutier sau feroviar dac\u0103 pun \u00een pericol via\u021ba, membrele sau bunurile de o valoare considerabil\u0103.<br \/>\n\n<\/div><h2 class=\"tabtitle\">calculator<\/h2>\n<div class=\"tabcontent\">\n<\/p>\n<div id=\"bgr-app\" data-calc=\"alkohol\" data-switcher=\"false\" data-header=\"false\" data-colorprimary=\"#e82029\" data-colorbackground=\"\"><\/div>\n<\/div><\/div>\n","protected":false},"excerpt":{"rendered":"<p>Consumul de alcool in traficul rutier Orice persoan\u0103 care conduce un vehicul sub influen\u021ba alcoolului risc\u0103 sanc\u021biuni severe. Calculatorul amenzii arat\u0103 consecin\u021bele individuale ale unei \u00eenc\u0103lc\u0103ri a alcoolului. Catalogul amenzilor prevede urm\u0103toarele sanc\u021biuni pentru conducerea unui autovehicul sub influen\u021ba alcoolului: Catalogul amenzilor, Consumul de alcool delict Conducerea unui vehicul cu o concentratie de alcool de [&hellip;]<\/p>\n","protected":false},"author":1,"featured_media":3665,"parent":3634,"menu_order":0,"comment_status":"closed","ping_status":"closed","template":"","meta":{"_acf_changed":false,"footnotes":""},"class_list":["post-3664","page","type-page","status-publish","has-post-thumbnail","hentry"],"acf":[],"_links":{"self":[{"href":"https:\/\/www.bussgeldinfo.org\/ro\/wp-json\/wp\/v2\/pages\/3664","targetHints":{"allow":["GET"]}}],"collection":[{"href":"https:\/\/www.bussgeldinfo.org\/ro\/wp-json\/wp\/v2\/pages"}],"about":[{"href":"https:\/\/www.bussgeldinfo.org\/ro\/wp-json\/wp\/v2\/types\/page"}],"author":[{"embeddable":true,"href":"https:\/\/www.bussgeldinfo.org\/ro\/wp-json\/wp\/v2\/users\/1"}],"replies":[{"embeddable":true,"href":"https:\/\/www.bussgeldinfo.org\/ro\/wp-json\/wp\/v2\/comments?post=3664"}],"version-history":[{"count":1,"href":"https:\/\/www.bussgeldinfo.org\/ro\/wp-json\/wp\/v2\/pages\/3664\/revisions"}],"predecessor-version":[{"id":3666,"href":"https:\/\/www.bussgeldinfo.org\/ro\/wp-json\/wp\/v2\/pages\/3664\/revisions\/3666"}],"up":[{"embeddable":true,"href":"https:\/\/www.bussgeldinfo.org\/ro\/wp-json\/wp\/v2\/pages\/3634"}],"wp:featuredmedia":[{"embeddable":true,"href":"https:\/\/www.bussgeldinfo.org\/ro\/wp-json\/wp\/v2\/media\/3665"}],"wp:attachment":[{"href":"https:\/\/www.bussgeldinfo.org\/ro\/wp-json\/wp\/v2\/media?parent=3664"}],"curies":[{"name":"wp","href":"https:\/\/api.w.org\/{rel}","templated":true}]}}