{"id":3657,"date":"2023-12-09T01:42:13","date_gmt":"2023-12-09T00:42:13","guid":{"rendered":"https:\/\/staging.bussgeldinfo.org\/?page_id=3657"},"modified":"2025-08-31T21:40:19","modified_gmt":"2025-08-31T19:40:19","slug":"incalcarea-semaforului-rosu-in-germania","status":"publish","type":"page","link":"https:\/\/www.bussgeldinfo.org\/ro\/catalogul-amenzilor\/incalcarea-semaforului-rosu-in-germania\/","title":{"rendered":"\u00cenc\u0103lcarea semaforului ro\u0219u \u00een Germania"},"content":{"rendered":"<div class=\"responsive-tabs\">\n<h2 class=\"tabtitle\">tabel<\/h2>\n<div class=\"tabcontent\">\n<br \/>\n<\/p>\n<h2>Catalogul actual al amenzilor, Trecerea la rosu<\/h2>\n<div class=\"row side-by-side\">\n<div class=\"col-xl-6 pr-xl-5\">\n<h3>\u00cenc\u0103lcarea <em>simpl\u0103<\/em> a interdictiei de trecere la ro\u0219u Rotlichtversto\u00df<\/h3>\n<p>O simpl\u0103 \u00eenc\u0103lcare a interdictiei de trecere la ro\u0219u are loc atunci c\u00e2nd semaforul a fost ro\u0219u timp de mai pu\u021bin de 1 secund\u0103 \u00eenainte de a trece linia de oprire.<\/p>\n\n<table id=\"tablepress-5\" class=\"tablepress tablepress-id-5\">\n<thead>\n<tr class=\"row-1 odd\">\n\t<th class=\"column-1\">Incalcare*<\/th><th class=\"column-2\">Amenda conventionala<\/th><th class=\"column-3\">Puncte penale<\/th><th class=\"column-4\">Suspendarea permisului de conducere<\/th><th class=\"column-5\">Contestare amenda conventionala<\/th>\n<\/tr>\n<\/thead>\n<tbody class=\"row-hover\">\n<tr class=\"row-2 even\">\n\t<td class=\"column-1\">fara periclitarea altora<\/td><td class=\"column-2\">90 \u20ac<\/td><td class=\"column-3\">1<\/td><td class=\"column-4\">-<\/td><td class=\"column-5\"><a href=\"https:\/\/hilfe.bussgeldinfo.org\/check\/vorwurf\/?bg=90&pt=1&fv=0&vs=rotlicht&lang=ro\" target=\"_blank\" rel=\"nofollow\" class=\"LPLink pageLP\">Verificati aici<\/a><\/td>\n<\/tr>\n<tr class=\"row-3 odd\">\n\t<td class=\"column-1\">cu periclitarea altora<\/td><td class=\"column-2\">200 \u20ac<\/td><td class=\"column-3\">2<\/td><td class=\"column-4\">1 luna<\/td><td class=\"column-5\"><a href=\"https:\/\/hilfe.bussgeldinfo.org\/check\/vorwurf\/?bg=200&pt=2&fv=1&vs=rotlicht&lang=ro\" target=\"_blank\" rel=\"nofollow\" class=\"LPLink pageLP\">Verificati aici<\/a><\/td>\n<\/tr>\n<tr class=\"row-4 even\">\n\t<td class=\"column-1\">cu Daune materiale<\/td><td class=\"column-2\">240 \u20ac<\/td><td class=\"column-3\">2<\/td><td class=\"column-4\">1 luna<\/td><td class=\"column-5\"><a href=\"https:\/\/hilfe.bussgeldinfo.org\/check\/vorwurf\/?bg=240&pt=2&fv=1&vs=rotlicht&lang=ro\" target=\"_blank\" rel=\"nofollow\" class=\"LPLink pageLP\">Verificati aici<\/a><\/td>\n<\/tr>\n<\/tbody>\n<\/table>\n\n<\/div>\n<div class=\"col-xl-6 pl-xl-5\">\n<h3>\u00cenc\u0103lcarea <em>grav\u0103<\/em> a interdictiei de trecere la ro\u0219u<\/h3>\n<p>O \u00eenc\u0103lcare calificat\u0103\/grava a interdictiei de trecere la ro\u0219u are loc dac\u0103 semaforul a stat ro\u0219u mai mult de 1 secund\u0103 \u00eenainte de a traversa linia de oprire.<\/p>\n\n<table id=\"tablepress-6\" class=\"tablepress tablepress-id-6\">\n<thead>\n<tr class=\"row-1 odd\">\n\t<th class=\"column-1\">Incalcare*<\/th><th class=\"column-2\">Amenda conventionala<\/th><th class=\"column-3\">Puncte penale<\/th><th class=\"column-4\">Suspendarea permisului de conducere<\/th><th class=\"column-5\">Contestare amenda conventionala<\/th>\n<\/tr>\n<\/thead>\n<tbody class=\"row-hover\">\n<tr class=\"row-2 even\">\n\t<td class=\"column-1\">fara periclitarea altora<\/td><td class=\"column-2\">200 \u20ac<\/td><td class=\"column-3\">2<\/td><td class=\"column-4\">1 luna*<\/td><td class=\"column-5\"><a href=\"https:\/\/hilfe.bussgeldinfo.org\/check\/vorwurf\/?bg=200&pt=2&fv=1&vs=rotlicht&lang=ro\" target=\"_blank\" rel=\"nofollow\" class=\"LPLink pageLP\">Verificati aici<\/a><\/td>\n<\/tr>\n<tr class=\"row-3 odd\">\n\t<td class=\"column-1\">cu periclitarea altora<\/td><td class=\"column-2\">320 \u20ac<\/td><td class=\"column-3\">2<\/td><td class=\"column-4\">1 luna*<\/td><td class=\"column-5\"><a href=\"https:\/\/hilfe.bussgeldinfo.org\/check\/vorwurf\/?bg=320&pt=2&fv=1&vs=rotlicht&lang=ro\" target=\"_blank\" rel=\"nofollow\" class=\"LPLink pageLP\">Verificati aici<\/a><\/td>\n<\/tr>\n<tr class=\"row-4 even\">\n\t<td class=\"column-1\">cu Daune materiale<\/td><td class=\"column-2\">360 \u20ac<\/td><td class=\"column-3\">2<\/td><td class=\"column-4\">1 luna*<\/td><td class=\"column-5\"><a href=\"https:\/\/hilfe.bussgeldinfo.org\/check\/vorwurf\/?bg=360&pt=2&fv=1&vs=rotlicht&lang=ro\" target=\"_blank\" rel=\"nofollow\" class=\"LPLink pageLP\">Verificati aici<\/a><\/td>\n<\/tr>\n<\/tbody>\n<\/table>\n\n<\/div>\n<\/div>\n\r\n\t\t\t<div class=\"bgi-box full-width\">* \u00cen cazul \u00een care, \u00een timpul incalcarii interdictiei de trecere la rosu se pericliteaza si alti participanti la trafic, fapta poate fi pedepsit\u0103 cu amend\u0103, retragerea permisului de conducere \u0219i\/ sau \u00eenchisoare de p\u00e2n\u0103 la 5 ani, \u00een conformitate cu \u00a7 315c StGB.<\/div>\n<h2>Aprinderea semaforului ro\u0219u: amend\u0103 mare, \u00eentotdeauna puncte, adesea interdic\u021bie de conducere<\/h2>\n<p>Nerespectarea semaforului ro\u0219u este pedepsit\u0103 sever, deoarece accidentele cauzate de aprinderea semaforului ro\u0219u sunt asociate cu v\u0103t\u0103m\u0103ri corporale la o rat\u0103 peste medie. Utilizatorii drumului se pot sim\u021bi \u00een siguran\u021b\u0103 \u00een direc\u021bia lor c\u00e2nd semaforul este verde \u0219i, prin urmare, sunt adesea complet nepreg\u0103ti\u021bi \u0219i surprin\u0219i c\u00e2nd un alt utilizator al drumului ignor\u0103 semaforul ro\u0219u.<\/p>\n<p>Cu toate acestea, \u00eenc\u0103lc\u0103rile luminii ro\u0219ii nu sunt deloc rare. Aproape fiecare utilizator al drumului recunoa\u0219te c\u0103 a condus pe ro\u0219u &#8211; cel mai adesea din cauza neaten\u021biei, uneori pentru c\u0103 graba \u0219i presiunea timpului au dus la o decizie gre\u0219it\u0103. Sanc\u021biunile din catalogul de amenzi sunt semnificative: pe l\u00e2ng\u0103 amenzi, se acord\u0103 \u00een mod regulat puncte p\u00e2n\u0103 la \u0219i inclusiv interdic\u021bia de a conduce. Pute\u021bi afla cum \u0219i c\u00e2nd punctele pot deveni periculoase pentru permisul dvs. de conducere \u00een <a href=\"\/ro\/catalogul-amenzilor\/\">Editorialul despre catalogul german al amenzilor<\/a>. Dac\u0103 se face o acuza\u021bie de punere \u00een pericol \u00een leg\u0103tur\u0103 cu un semafor ro\u0219u, \u0219oferul se treze\u0219te rapid la un pas de a comite o infrac\u021biune. Acestea din urm\u0103 pot atrage, la r\u00e2ndul lor, pedepse mult mai nepl\u0103cute.<\/p>\n<h3>\u00cenc\u0103lcarea semaforului ro\u0219u sau \u00eenc\u0103lcarea liniei de oprire?<\/h3>\n<p>Doar cei care circul\u0103 efectiv \u00een zona intersec\u021biei sau \u00een zona protejat\u0103 de semafoare au comis o \u00eenc\u0103lcare a semaforului. Oricine traverseaz\u0103 linia de oprire c\u00e2nd semaforul este ro\u0219u, dar \u00ee\u0219i opre\u0219te vehiculul \u00een fa\u021ba zonei periculoase va fi tras la r\u0103spundere doar pentru \u00eenc\u0103lcarea liniei de oprire. Dac\u0103 nu a pus pe nimeni \u00een pericol, acesta va fi pedepsit cu amend\u0103 de 10 euro.<\/p>\n<h3>\u00cenc\u0103lcarea semaforului ro\u0219u: secunda decisiv\u0103<\/h3>\n<p>Sanc\u021biunea pentru aprinderea unui semafor \u00een ro\u0219u depinde \u00een mare m\u0103sur\u0103 de c\u00e2t timp a fost ro\u0219u semaforul. Catalogul de amenzi prevede termenii \u201e\u00eenc\u0103lcare simpl\u0103 a semaforului ro\u0219u\u201d \u0219i \u201e\u00eenc\u0103lcare a semaforului ro\u0219u calificat\u201d.<\/p>\n<p>Mai pu\u021bin de o secund\u0103 ro\u0219u \u2192 <strong>\u00cenc\u0103lcare simpl\u0103 a luminii ro\u0219ii<\/strong><\/p>\n<p>Mai mult de o secund\u0103 ro\u0219u \u2192 <strong>\u00cenc\u0103lcare calificat\u0103 a luminii ro\u0219ii<\/strong><\/p>\n<p>\u00cen plus, se face o distinc\u021bie &#8211; cu sanc\u021biuni semnificativ mai stricte &#8211; dac\u0103 \u00eenc\u0103lcarea semaforului ro\u0219u a fost asociat\u0103 cu un pericol pentru al\u021bi utilizatori ai drumului sau dac\u0103 au existat chiar pagube materiale. Acest lucru este deosebit de comun atunci c\u00e2nd conduce\u021bi printr-o lumin\u0103 ro\u0219ie. Dac\u0103 un alt \u0219ofer trebuie s\u0103 fr\u00e2neze brusc din cauza \u00eenc\u0103lc\u0103rii semaforului ro\u0219u, sau dac\u0103 un pieton trebuie s\u0103 sar\u0103 spre trotuar pentru a evita un accident, exist\u0103 deja un pericol. Dac\u0103 fr\u00e2narea de urgen\u021b\u0103 a altui \u0219ofer are ca rezultat o coliziune din spate cauzat\u0103 de un vehicul urm\u0103tor, contravenientul semaforului ro\u0219u este considerat \u00een mod regulat a fi par\u021bial responsabil pentru accident \u0219i, prin urmare, a comis \u0219i infrac\u021biunea de daune materiale. Potrivit catalogului de amenzi, at\u00e2t punerea \u00een pericol, c\u00e2t \u0219i deteriorarea propriet\u0103\u021bii se pedepsesc cu interdic\u021bie de conducere de cel pu\u021bin o lun\u0103.<\/p>\n<h3>Ruleaz\u0103 un semafor ro\u0219u \u0219i conduc prea repede<\/h3>\n<p>Cele mai multe \u00eenc\u0103lc\u0103ri ale semaforului ro\u0219u sunt detectate de camerele de vitez\u0103 sta\u021bionare. Aceste sisteme nu m\u0103soar\u0103 doar timpul de c\u00e2nd lumina a devenit ro\u0219ie &#8211; secunda crucial\u0103 &#8211; ci \u0219i viteza vehiculului. Totu\u0219i, de regul\u0103, nu se pedepsesc ambele \u00eenc\u0103lc\u0103ri, ci doar cea care atrage pedeapsa mai aspr\u0103. Cu toate acestea, se \u00eent\u00e2mpl\u0103 adesea s\u0103 se emit\u0103 amenzi pentru ambele infrac\u021biuni. \u00cen acest caz, o cale de atac este susceptibil\u0103 de a avea succes deoarece pedeapsa trebuie diferen\u021biat\u0103 \u00eentre infrac\u021biunile s\u0103v\u00e2r\u0219ite \u00een unitate \u0219i \u00een majoritatea infrac\u021biunilor. Dac\u0103 sunt mai multe infrac\u021biuni s\u0103v\u00e2r\u0219ite \u00eempreun\u0103, se va pedepsi doar cea mai grav\u0103 infrac\u021biune; dac\u0103 exist\u0103 o majoritate de infrac\u021biuni, infrac\u021biunile vor fi adunate \u0219i combinate pentru a forma o pedeaps\u0103 total\u0103. Evaluarea face in mod repetat obiectul unor litigii legale. \u00centr-un astfel de caz, posibilitatea de obiec\u021bie trebuie examinat\u0103 \u00eentotdeauna cu ajutorul unui avocat.<\/p>\n<h3>\u00cenc\u0103lcare cu semafor ro\u0219u \u00een timpul perioadei de prob\u0103<\/h3>\n<p>\u00cen primii doi ani de la promovarea examenului de conducere, \u0219oferii \u00eencep\u0103tori sunt supu\u0219i unor reglement\u0103ri deosebit de stricte, cu sanc\u021biuni care dep\u0103\u0219esc catalogul normal de amenzi. \u00centruc\u00e2t \u0219oferii tineri sunt mult mai implica\u021bi \u00een accidente dec\u00e2t media, sanc\u021biunile mai stricte ar trebui s\u0103 conduc\u0103 la o conducere atent\u0103 \u0219i precaut\u0103. Comportarea gre\u0219it\u0103 a \u0219oferilor \u00een timpul perioadei de prob\u0103 se \u00eemparte \u00een abateri mai pu\u021bin grave \u0219i mai grave. Conducerea prin ro\u0219u este o abatere grav\u0103.Pe l\u00e2ng\u0103 sanc\u021biunea conform catalogului de amenzi se dispune \u0219i un seminar avansat, care trebuie finalizat \u00eentr-un termen stabilit de autorit\u0103\u021bi. \u00cen cazul \u00een care se dep\u0103\u0219e\u0219te acest termen, permisul de conducere va fi retras p\u00e2n\u0103 c\u00e2nd se va prezenta dovada absolvirii cu succes a unui seminar avansat.<\/p>\n<p>\u00cen plus, perioada de prob\u0103 se prelunge\u0219te cu doi ani \u0219i se salveaz\u0103 \u00eenc\u0103lcarea. \u00cenc\u0103lc\u0103rile ulterioare vor avea ca rezultat ini\u021bial un avertisment, iar a treia oar\u0103 permisul de conducere va fi retras.<br \/>\n\n<\/div><h2 class=\"tabtitle\">calculator<\/h2>\n<div class=\"tabcontent\">\n<\/p>\n<div id=\"bgr-app\" data-calc=\"rotlicht\" data-switcher=\"false\" data-header=\"false\" data-colorprimary=\"#e82029\" data-colorbackground=\"\"><\/div>\n<\/div><\/div>\n","protected":false},"excerpt":{"rendered":"<p>Catalogul actual al amenzilor, Trecerea la rosu \u00cenc\u0103lcarea simpl\u0103 a interdictiei de trecere la ro\u0219u Rotlichtversto\u00df O simpl\u0103 \u00eenc\u0103lcare a interdictiei de trecere la ro\u0219u are loc atunci c\u00e2nd semaforul a fost ro\u0219u timp de mai pu\u021bin de 1 secund\u0103 \u00eenainte de a trece linia de oprire. \u00cenc\u0103lcarea grav\u0103 a interdictiei de trecere la ro\u0219u [&hellip;]<\/p>\n","protected":false},"author":1,"featured_media":3658,"parent":3634,"menu_order":0,"comment_status":"closed","ping_status":"closed","template":"","meta":{"_acf_changed":false,"footnotes":""},"class_list":["post-3657","page","type-page","status-publish","has-post-thumbnail","hentry"],"acf":[],"_links":{"self":[{"href":"https:\/\/www.bussgeldinfo.org\/ro\/wp-json\/wp\/v2\/pages\/3657","targetHints":{"allow":["GET"]}}],"collection":[{"href":"https:\/\/www.bussgeldinfo.org\/ro\/wp-json\/wp\/v2\/pages"}],"about":[{"href":"https:\/\/www.bussgeldinfo.org\/ro\/wp-json\/wp\/v2\/types\/page"}],"author":[{"embeddable":true,"href":"https:\/\/www.bussgeldinfo.org\/ro\/wp-json\/wp\/v2\/users\/1"}],"replies":[{"embeddable":true,"href":"https:\/\/www.bussgeldinfo.org\/ro\/wp-json\/wp\/v2\/comments?post=3657"}],"version-history":[{"count":3,"href":"https:\/\/www.bussgeldinfo.org\/ro\/wp-json\/wp\/v2\/pages\/3657\/revisions"}],"predecessor-version":[{"id":3963,"href":"https:\/\/www.bussgeldinfo.org\/ro\/wp-json\/wp\/v2\/pages\/3657\/revisions\/3963"}],"up":[{"embeddable":true,"href":"https:\/\/www.bussgeldinfo.org\/ro\/wp-json\/wp\/v2\/pages\/3634"}],"wp:featuredmedia":[{"embeddable":true,"href":"https:\/\/www.bussgeldinfo.org\/ro\/wp-json\/wp\/v2\/media\/3658"}],"wp:attachment":[{"href":"https:\/\/www.bussgeldinfo.org\/ro\/wp-json\/wp\/v2\/media?parent=3657"}],"curies":[{"name":"wp","href":"https:\/\/api.w.org\/{rel}","templated":true}]}}