{"id":3372,"date":"2023-01-15T22:34:50","date_gmt":"2023-01-15T21:34:50","guid":{"rendered":"https:\/\/staging.bussgeldinfo.org\/?page_id=3372"},"modified":"2025-11-05T04:10:54","modified_gmt":"2025-11-05T03:10:54","slug":"impressum-hr","status":"publish","type":"page","link":"https:\/\/www.bussgeldinfo.org\/hr\/impressum-hr\/","title":{"rendered":"Impressum [hr]"},"content":{"rendered":"<h2>Impressum<\/h2>\n<p><strong>Kanzlei Voigt<\/strong><br \/>\nRechtsanwalts GmbH<br \/>\nRuhrallee 9<br \/>\n44139 Dortmund<\/p>\n<p>Telefon: (0231) 60008220<br \/>\nTelefax: (0231) 60008233<br \/>\nE-Mail: <a href=\"mailto:zentrale@kanzlei-voigt.de\">zentrale@kanzlei-voigt.de<\/a><\/p>\n<p><b>Sitz der Gesellschaft<\/b><br \/>\nDortmund<\/p>\n<p><b>Gesch\u00e4ftsf\u00fchrer<\/b><br \/>\nHenning Hamann, Rechtsanwalt<br \/>\nChristoph Malzkorn, Rechtsanwalt<\/p>\n<p><b>USt-ID-Nr.<\/b><br \/>\nDE 260980788<\/p>\n<p><b>Registereintrag<\/b><br \/>\nAG Dortmund<br \/>\nHRB 25210<\/p>\n<p><b>Zust\u00e4ndige Aufsichtsbeh\u00f6rde<\/b><br \/>\n<a class=\"externalLink\" title=\"Rechtsanwaltskammer M\u00fcnchen\" href=\"http:\/\/rak-hamm.de\" rel=\"external\">Rechtsanwaltskammer f\u00fcr den Oberlandesgerichtsbezirk Hamm, Sitz Hamm<\/a><\/p>\n<p><b>Berufsstand<\/b><br \/>\nRechtsanwalt<br \/>\nDie gesetzliche Berufsbezeichnung Rechtsanwalt wurde in der Bundesrepublik Deutschland verliehen.<\/p>\n<p><b>Verantwortlicher Redakteur<\/b><br \/>\nHenning Hamann, Rechtsanwalt<\/p>\n<p class=\"texte\"><b>Berufsstand<\/b><br \/>\nRechtsanwalt<\/p>\n<p>Die gesetzliche Berufsbezeichnung Rechtsanwalt wurde in der Bundesrepublik Deutschland verliehen.<\/p>\n<p>Der Berufsstand der Rechtsanw\u00e4lte unterliegt im Wesentlichen den nachstehenden berufsrechtlichen Regelungen:<br \/>\na) Bundesrechtsanwaltsordnung (BRAO)<br \/>\nb) Berufsordnung (BORA)<br \/>\nc) Fachanwaltsordnung (FAO)<br \/>\nd) Gesetz \u00fcber die Verg\u00fctung der Rechtsanw\u00e4ltinnen und Rechtsanw\u00e4lte (RVG)<br \/>\ne) Berufsregeln der Rechtsanw\u00e4lte der Europ\u00e4ischen Gemeinschaft<br \/>\nf) Gesetz \u00fcber die T\u00e4tigkeit europ\u00e4ischer Rechtsanw\u00e4lte in Deutschland (EuRAG)<br \/>\ng) Law Implementing the Directives of the European Community pertaining to the professional law regulating the legal profession<\/p>\n<p>Die beruflichen Regelungen k\u00f6nnen online bei der <a class=\"externalLink\" title=\"Website der Bundesrechtsanwaltskammer \u00f6ffnen\" href=\"http:\/\/www.brak.de\" rel=\"external\">Bundesrechtsanwaltskammer<\/a> eingesehen werden.<\/p>\n<p class=\"texte\"><b>Dienstleistungs- und Informationspflichten<\/b><br \/>\n1. Die berufsrechtlichen Regelungen, denen wir i. S. v. \u00a7 3 DL-InfoV unterliegen, k\u00f6nnen auf der Homepage der Bundesrechtsanwaltskammer unter <a class=\"externalLink\" title=\"Website der Bundesrechtsanwaltskammer \u00f6ffnen\" href=\"http:\/\/www.brak.de\" rel=\"external\">www.brak.de<\/a> (unter &#8220;Berufsrecht&#8221;) abgerufen werden.<\/p>\n<p class=\"texte\">2. Nach \u00a7 4 DL-InfoV weisen wir daraufhin, dass das RVG bzw. die zwischen uns getroffene Verg\u00fc\u00adtungsvereinbarung G\u00fcltigkeit hat. Die konkreten Geb\u00fchren bestimmen sich nach den Umst\u00e4nden des Einzelfalles. Wir verweisen auf die Homepage der Bundesrechtsanwaltskammer unter <a class=\"externalLink\" title=\"Website der Bundesrechtsanwaltskammer \u00f6ffnen\" href=\"http:\/\/www.brak.de\" rel=\"external\">www.brak.de<\/a>. Sie erhalten dort weitere Informationen unter &#8220;Berufsrecht\/RVG&#8221;.<\/p>\n<p class=\"texte\">3. Berufshaftpflichtversicherung:<br \/>\nAXA Versicherung AG<br \/>\nColonia-Allee 10-20<br \/>\n51067 K\u00f6ln<\/p>\n<p>R\u00e4umlicher Geltungsbereich:<br \/>\nAusschl\u00fcsse<br \/>\nDer Versicherungsschutz bezieht sich nicht auf Haftpflichtanspr\u00fcche aus T\u00e4tigkeiten<br \/>\na) im Zusammenhang mit der Beratung und Besch\u00e4ftigung mit au\u00dfereurop\u00e4ischem Recht,<br \/>\nb) des Rechtsanwalts vor au\u00dfereurop\u00e4ischen Gerichten.<\/p>\n<p>4. Streitbeilegungs-Portal:<br \/>\nBei Problemen mit online abgeschlossenen Dienstvertr\u00e4gen k\u00f6nnen Sie das <a class=\"externalLink\" title=\"zum Online-Streitbeilegungs-Portal\" href=\"https:\/\/webgate.ec.europa.eu\/odr\/main\/index.cfm?event=main.home.show&amp;lng=DE\" rel=\"external\">Online-Streitbeilegungs-Portal<\/a> der Europ\u00e4ischen Kommission aufsuchen.<\/p>\n<p>5. Informationspflicht gem\u00e4\u00df \u00a7 36 Abs. 1 VSGB:<br \/>\nWir sind zur Teilnahme an einem Streitbeilegungsverfahren vor einer Verbraucherschlichtungsstelle weder bereit noch verpflichtet.<\/p>\n<p class=\"texte\"><b>Haftung f\u00fcr Inhalte<\/b><br \/>\nDie Inhalte unserer Seiten wurden mit gr\u00f6\u00dfter Sorgfalt erstellt. F\u00fcr die Richtigkeit, Vollst\u00e4ndigkeit und Aktualit\u00e4t der Inhalte k\u00f6nnen wir jedoch keine Gew\u00e4hr \u00fcbernehmen. Als Diensteanbieter sind wir gem\u00e4\u00df \u00a7\u00a07\u00a0TMG f\u00fcr eigene Inhalte auf diesen Seiten nach den allgemeinen Gesetzen verantwortlich. Diensteanbieter sind jedoch nicht verpflichtet, die von ihnen \u00fcbermittelten oder gespeicherten fremden Informationen zu \u00fcberwachen oder nach Umst\u00e4nden zu forschen, die auf eine rechtswidrige T\u00e4tigkeit hinweisen. Verpflichtungen zur Entfernung oder Sperrung der Nutzung von Informationen nach den allgemeinen Gesetzen bleiben hiervon unber\u00fchrt. Eine diesbez\u00fcgliche Haftung ist jedoch erst ab dem Zeitpunkt der Kenntnis einer konkreten Rechts\u00adverletzung m\u00f6glich. Bei Bekanntwerden von entsprechenden Rechts\u00adverletzungen werden wir diese Inhalte umgehend entfernen.<\/p>\n<p class=\"texte\"><b>Haftung f\u00fcr Links<\/b><br \/>\nUnser Angebot enth\u00e4lt Links zu externen Webseiten Dritter, auf deren Inhalte wir keinen Einfluss haben. Deshalb k\u00f6nnen wir f\u00fcr diese fremden Inhalte auch keine Gew\u00e4hr \u00fcbernehmen. F\u00fcr die Inhalte der verlinkten Seiten ist stets der jeweilige Anbieter oder Betreiber der Seiten verantwortlich. Die verlinkten Seiten wurden zum Zeitpunkt der Verlinkung auf m\u00f6gliche Rechtsverst\u00f6\u00dfe \u00fcberpr\u00fcft. Rechtswidrige Inhalte waren zum Zeitpunkt der Verlinkung nicht erkennbar. Eine permanente inhaltliche Kontrolle der verlinkten Seiten ist jedoch ohne konkrete Anhaltspunkte einer Rechts\u00adverletzung nicht zumutbar. Bei Bekanntwerden von Rechts\u00adverletzungen werden wir derartige Links umgehend entfernen.<\/p>\n<p class=\"texte\"><b>Urheberrecht<\/b><br \/>\nDie Betreiber der Seiten werden stets die Urheberrechte anderer beachten bzw. auf selbst erstellte sowie lizenzfreie Werke zur\u00fcckgreifen. Die durch die Seitenbetreiber erstellten Inhalte und Werke auf diesen Seiten unterliegen dem deutschen Urheberrecht. Beitr\u00e4ge Dritter sind als solche gekennzeichnet. Die Vervielf\u00e4ltigung, Bearbeitung, Verbreitung und jede Art der Verwertung au\u00dferhalb der Grenzen des Urheberrechtes bed\u00fcrfen der schriftlichen Zustimmung des jeweiligen Autors bzw. Erstellers. Auf unseren Seiten werden Fotos verwendet u. a. von <u>http:\/\/www.fotolia.com<\/u>. Auskunft \u00fcber den konkreten Bildnachweis erteilt die Online-Redaktion.<\/p>\n<p>&nbsp;<\/p>\n","protected":false},"excerpt":{"rendered":"<p>Impressum Kanzlei Voigt Rechtsanwalts GmbH Ruhrallee 9 44139 Dortmund Telefon: (0231) 60008220 Telefax: (0231) 60008233 E-Mail: zentrale@kanzlei-voigt.de Sitz der Gesellschaft Dortmund Gesch\u00e4ftsf\u00fchrer Henning Hamann, Rechtsanwalt Christoph Malzkorn, Rechtsanwalt USt-ID-Nr. DE 260980788 Registereintrag AG Dortmund HRB 25210 Zust\u00e4ndige Aufsichtsbeh\u00f6rde Rechtsanwaltskammer f\u00fcr den Oberlandesgerichtsbezirk Hamm, Sitz Hamm Berufsstand Rechtsanwalt Die gesetzliche Berufsbezeichnung Rechtsanwalt wurde in der Bundesrepublik [&hellip;]<\/p>\n","protected":false},"author":1,"featured_media":0,"parent":0,"menu_order":0,"comment_status":"closed","ping_status":"closed","template":"","meta":{"_acf_changed":false,"footnotes":""},"class_list":["post-3372","page","type-page","status-publish","hentry"],"acf":[],"_links":{"self":[{"href":"https:\/\/www.bussgeldinfo.org\/hr\/wp-json\/wp\/v2\/pages\/3372","targetHints":{"allow":["GET"]}}],"collection":[{"href":"https:\/\/www.bussgeldinfo.org\/hr\/wp-json\/wp\/v2\/pages"}],"about":[{"href":"https:\/\/www.bussgeldinfo.org\/hr\/wp-json\/wp\/v2\/types\/page"}],"author":[{"embeddable":true,"href":"https:\/\/www.bussgeldinfo.org\/hr\/wp-json\/wp\/v2\/users\/1"}],"replies":[{"embeddable":true,"href":"https:\/\/www.bussgeldinfo.org\/hr\/wp-json\/wp\/v2\/comments?post=3372"}],"version-history":[{"count":3,"href":"https:\/\/www.bussgeldinfo.org\/hr\/wp-json\/wp\/v2\/pages\/3372\/revisions"}],"predecessor-version":[{"id":3993,"href":"https:\/\/www.bussgeldinfo.org\/hr\/wp-json\/wp\/v2\/pages\/3372\/revisions\/3993"}],"wp:attachment":[{"href":"https:\/\/www.bussgeldinfo.org\/hr\/wp-json\/wp\/v2\/media?parent=3372"}],"curies":[{"name":"wp","href":"https:\/\/api.w.org\/{rel}","templated":true}]}}