{"id":3331,"date":"2019-09-22T12:06:33","date_gmt":"2019-09-22T10:06:33","guid":{"rendered":"https:\/\/staging.bussgeldinfo.org\/katalog-novcanih-kazni\/katalog-novcanih-kazni-brzine\/lkw\/"},"modified":"2025-08-31T21:15:14","modified_gmt":"2025-08-31T19:15:14","slug":"kamion","status":"publish","type":"page","link":"https:\/\/www.bussgeldinfo.org\/hr\/katalog-novcanih-kazni\/brzine\/kamion\/","title":{"rendered":"Katalog kazni za kamione 2026: prekora\u010denje brzine"},"content":{"rendered":"<h2>Katalog nov\u010danih kazni za prekora\u010denje brzine kamionom (teretnim vozilom)<\/h2>\n<br \/>\n\r\n\t\t\t<div class=\"bgi-box info\">Posebnost za voza\u010de kamiona: u trajanju od 5 minuta, prekora\u010denja brzine do 15 km\/h tretiraju se kao prekora\u010denja 16-20 km\/h.<\/div>\n<div class=\"row side-by-side\">\n<div class=\"col-xl-6 pr-xl-5\">\n<h3 id=\"bussgeldkatalogausserorts\">Teretno vozilo iznad 3,5 t <em>izvan naseljenog mjesta<\/em><\/h3>\n\n<table id=\"tablepress-46\" class=\"tablepress tablepress-id-46\">\n<thead>\n<tr class=\"row-1 odd\">\n\t<th class=\"column-1\">Prekora\u010denje*<\/th><th class=\"column-2\">Nov\u010dana kazna<\/th><th class=\"column-3\">Kazneni bodovi<\/th><th class=\"column-4\">Zabrqana vo\u017enje<\/th><th class=\"column-5\">Ulo\u017eiti prigovor?<\/th>\n<\/tr>\n<\/thead>\n<tbody class=\"row-hover\">\n<tr class=\"row-2 even\">\n\t<td class=\"column-1\">Do 10 km\/h<\/td><td class=\"column-2\">30 \u20ac<\/td><td class=\"column-3\">-<\/td><td class=\"column-4\">-<\/td><td class=\"column-5\">radije ne<\/td>\n<\/tr>\n<tr class=\"row-3 odd\">\n\t<td class=\"column-1\">11 - 15 km\/h<\/td><td class=\"column-2\">50 \u20ac<\/td><td class=\"column-3\">-<\/td><td class=\"column-4\">-<\/td><td class=\"column-5\">radije ne<\/td>\n<\/tr>\n<tr class=\"row-4 even\">\n\t<td class=\"column-1\">16 - 20 km\/h<\/td><td class=\"column-2\">140 \u20ac<\/td><td class=\"column-3\">1<\/td><td class=\"column-4\">-<\/td><td class=\"column-5\"><a href=\"https:\/\/hilfe.bussgeldinfo.org\/check\/vorwurf\/?bg=140&pt=1&fv=0&vs=geschwindigkeit&lang=hr\" target=\"_blank\" rel=\"nofollow\" class=\"LPLink pageLP\">Ovdje provjeriti<\/a><\/td>\n<\/tr>\n<tr class=\"row-5 odd\">\n\t<td class=\"column-1\">21 - 25 km\/h<\/td><td class=\"column-2\">150 \u20ac<\/td><td class=\"column-3\">1<\/td><td class=\"column-4\">-<\/td><td class=\"column-5\"><a href=\"https:\/\/hilfe.bussgeldinfo.org\/check\/vorwurf\/?bg=150&pt=1&fv=0&vs=geschwindigkeit&lang=hr\" target=\"_blank\" rel=\"nofollow\" class=\"LPLink pageLP\">Ovdje provjeriti<\/a><\/td>\n<\/tr>\n<tr class=\"row-6 even\">\n\t<td class=\"column-1\">26 - 30 km\/h<\/td><td class=\"column-2\">175 \u20ac<\/td><td class=\"column-3\">1<\/td><td class=\"column-4\">-<\/td><td class=\"column-5\"><a href=\"https:\/\/hilfe.bussgeldinfo.org\/check\/vorwurf\/?bg=175p=1&pt=&fv=0&vs=geschwindigkeit&lang=hr\" target=\"_blank\" rel=\"nofollow\" class=\"LPLink pageLP\">Ovdje provjeriti<\/a><\/td>\n<\/tr>\n<tr class=\"row-7 odd\">\n\t<td class=\"column-1\">31 - 40 km\/h<\/td><td class=\"column-2\">255 \u20ac<\/td><td class=\"column-3\">2<\/td><td class=\"column-4\">1 mjesec<\/td><td class=\"column-5\"><a href=\"https:\/\/hilfe.bussgeldinfo.org\/check\/vorwurf\/?bg=255&pt=2&fv=1&vs=geschwindigkeit&lang=hr\" target=\"_blank\" rel=\"nofollow\" class=\"LPLink pageLP\">Ovdje provjeriti<\/a><\/td>\n<\/tr>\n<tr class=\"row-8 even\">\n\t<td class=\"column-1\">41 - 50 km\/h<\/td><td class=\"column-2\">480 \u20ac<\/td><td class=\"column-3\">2<\/td><td class=\"column-4\">1 mjesec<\/td><td class=\"column-5\"><a href=\"https:\/\/hilfe.bussgeldinfo.org\/check\/vorwurf\/?bg=480&pt=2&fv=1&vs=geschwindigkeit&lang=hr\" target=\"_blank\" rel=\"nofollow\" class=\"LPLink pageLP\">Ovdje provjeriti<\/a><\/td>\n<\/tr>\n<tr class=\"row-9 odd\">\n\t<td class=\"column-1\">51 - 60 km\/h<\/td><td class=\"column-2\">600 \u20ac<\/td><td class=\"column-3\">2<\/td><td class=\"column-4\">2 mjeseca<\/td><td class=\"column-5\"><a href=\"https:\/\/hilfe.bussgeldinfo.org\/check\/vorwurf\/?bg=600&pt=2&fv=2&vs=geschwindigkeit&lang=hr\" target=\"_blank\" rel=\"nofollow\" class=\"LPLink pageLP\">Ovdje provjeriti<\/a><\/td>\n<\/tr>\n<tr class=\"row-10 even\">\n\t<td class=\"column-1\">Vi\u0161e od 60 km\/h<\/td><td class=\"column-2\">700 \u20ac<\/td><td class=\"column-3\">2<\/td><td class=\"column-4\">3 mjeseca<\/td><td class=\"column-5\"><a href=\"https:\/\/hilfe.bussgeldinfo.org\/check\/vorwurf\/?bg=700&pt=2&fv=3&vs=geschwindigkeit&lang=hr\" target=\"_blank\" rel=\"nofollow\" class=\"LPLink pageLP\">Ovdje provjeriti<\/a><\/td>\n<\/tr>\n<\/tbody>\n<\/table>\n\n<\/div>\n<div class=\"col-xl-6 pl-xl-5\">\n<h3 id=\"bussgeldkataloginnerorts\">Teretno vozilo iznad 3,5 t <em>unutar naseljenog mjesta<\/em><\/h3>\n\n<table id=\"tablepress-47\" class=\"tablepress tablepress-id-47\">\n<thead>\n<tr class=\"row-1 odd\">\n\t<th class=\"column-1\">Prekora\u010denje*<\/th><th class=\"column-2\">Nov\u010dana kazna<\/th><th class=\"column-3\">Kazneni bodovi<\/th><th class=\"column-4\">Zabrqana vo\u017enje<\/th><th class=\"column-5\">Ulo\u017eiti prigovor?<\/th>\n<\/tr>\n<\/thead>\n<tbody class=\"row-hover\">\n<tr class=\"row-2 even\">\n\t<td class=\"column-1\">Do 10 km\/h<\/td><td class=\"column-2\">40 \u20ac<\/td><td class=\"column-3\">-<\/td><td class=\"column-4\">-<\/td><td class=\"column-5\">radije ne<\/td>\n<\/tr>\n<tr class=\"row-3 odd\">\n\t<td class=\"column-1\">11 - 15 km\/h<\/td><td class=\"column-2\">60 \u20ac<\/td><td class=\"column-3\">-<\/td><td class=\"column-4\">-<\/td><td class=\"column-5\">radije ne<\/td>\n<\/tr>\n<tr class=\"row-4 even\">\n\t<td class=\"column-1\">16 - 20 km\/h<\/td><td class=\"column-2\">160 \u20ac<\/td><td class=\"column-3\">1<\/td><td class=\"column-4\">-<\/td><td class=\"column-5\"><a href=\"https:\/\/hilfe.bussgeldinfo.org\/check\/vorwurf\/?bg=160&pt=1&fv=0&vs=geschwindigkeit&lang=hr\" target=\"_blank\" rel=\"nofollow\" class=\"LPLink pageLP\">Ovdje provjeriti<\/a><\/td>\n<\/tr>\n<tr class=\"row-5 odd\">\n\t<td class=\"column-1\">21 - 25 km\/h<\/td><td class=\"column-2\">175 \u20ac<\/td><td class=\"column-3\">1<\/td><td class=\"column-4\">-<\/td><td class=\"column-5\"><a href=\"https:\/\/hilfe.bussgeldinfo.org\/check\/vorwurf\/?bg=175&pt=1&fv=0&vs=geschwindigkeit&lang=hr\" target=\"_blank\" rel=\"nofollow\" class=\"LPLink pageLP\">Ovdje provjeriti<\/a><\/td>\n<\/tr>\n<tr class=\"row-6 even\">\n\t<td class=\"column-1\">26 - 30 km\/h<\/td><td class=\"column-2\">235 \u20ac<\/td><td class=\"column-3\">2<\/td><td class=\"column-4\">1 mjesec<\/td><td class=\"column-5\"><a href=\"https:\/\/hilfe.bussgeldinfo.org\/check\/vorwurf\/?bg=235&pt=2&fv=1&vs=geschwindigkeit&lang=hr\" target=\"_blank\" rel=\"nofollow\" class=\"LPLink pageLP\">Ovdje provjeriti<\/a><\/td>\n<\/tr>\n<tr class=\"row-7 odd\">\n\t<td class=\"column-1\">31 - 40 km\/h<\/td><td class=\"column-2\">340 \u20ac<\/td><td class=\"column-3\">2<\/td><td class=\"column-4\">1 mjesec<\/td><td class=\"column-5\"><a href=\"https:\/\/hilfe.bussgeldinfo.org\/check\/vorwurf\/?bg=340&pt=2&fv=1&vs=geschwindigkeit&lang=hr\" target=\"_blank\" rel=\"nofollow\" class=\"LPLink pageLP\">Ovdje provjeriti<\/a><\/td>\n<\/tr>\n<tr class=\"row-8 even\">\n\t<td class=\"column-1\">41 - 50 km\/h<\/td><td class=\"column-2\">560 \u20ac<\/td><td class=\"column-3\">2<\/td><td class=\"column-4\">2 mjeseca<\/td><td class=\"column-5\"><a href=\"https:\/\/hilfe.bussgeldinfo.org\/check\/vorwurf\/?bg=560&pt=2&fv=2&vs=geschwindigkeit&lang=hr\" target=\"_blank\" rel=\"nofollow\" class=\"LPLink pageLP\">Ovdje provjeriti<\/a><\/td>\n<\/tr>\n<tr class=\"row-9 odd\">\n\t<td class=\"column-1\">51 - 60 km\/h<\/td><td class=\"column-2\">700 \u20ac<\/td><td class=\"column-3\">2<\/td><td class=\"column-4\">3 mjeseca<\/td><td class=\"column-5\"><a href=\"https:\/\/hilfe.bussgeldinfo.org\/check\/vorwurf\/?bg=700&pt=2&fv=3&vs=geschwindigkeit&lang=hr\" target=\"_blank\" rel=\"nofollow\" class=\"LPLink pageLP\">Ovdje provjeriti<\/a><\/td>\n<\/tr>\n<tr class=\"row-10 even\">\n\t<td class=\"column-1\">Vi\u0161e od 60 km\/h<\/td><td class=\"column-2\">800 \u20ac<\/td><td class=\"column-3\">2<\/td><td class=\"column-4\">3 mjeseca<\/td><td class=\"column-5\"><a href=\"https:\/\/hilfe.bussgeldinfo.org\/check\/vorwurf\/?bg=800&pt=2&fv=3&vs=geschwindigkeit&lang=hr\" target=\"_blank\" rel=\"nofollow\" class=\"LPLink pageLP\">Ovdje provjeriti<\/a><\/td>\n<\/tr>\n<\/tbody>\n<\/table>\n\n<\/div>\n<\/div>\n<div class=\"row side-by-side\">\n<div class=\"col-xl-6 pr-xl-5\">\n<h3 id=\"bussgeldkatalogausserorts\">Teretna vozila preko 3,5t s opasnim teretom ILI autobus s putnicima <em>izvan naseljenog mjesta<\/em><\/h3>\n\n<table id=\"tablepress-48\" class=\"tablepress tablepress-id-48\">\n<thead>\n<tr class=\"row-1 odd\">\n\t<th class=\"column-1\">Prekora\u010denje*<\/th><th class=\"column-2\">Nov\u010dana kazna<\/th><th class=\"column-3\">Kazneni bodovi<\/th><th class=\"column-4\">Zabrqana vo\u017enje<\/th><th class=\"column-5\">Ulo\u017eiti prigovor?<\/th>\n<\/tr>\n<\/thead>\n<tbody class=\"row-hover\">\n<tr class=\"row-2 even\">\n\t<td class=\"column-1\">Do 10 km\/h<\/td><td class=\"column-2\">60 \u20ac<\/td><td class=\"column-3\">-<\/td><td class=\"column-4\">-<\/td><td class=\"column-5\">radije ne<\/td>\n<\/tr>\n<tr class=\"row-3 odd\">\n\t<td class=\"column-1\">11 - 15 km\/h<\/td><td class=\"column-2\">70 \u20ac<\/td><td class=\"column-3\">-<\/td><td class=\"column-4\">-<\/td><td class=\"column-5\">radije ne<\/td>\n<\/tr>\n<tr class=\"row-4 even\">\n\t<td class=\"column-1\">16 - 20 km\/h<\/td><td class=\"column-2\">240 \u20ac<\/td><td class=\"column-3\">1<\/td><td class=\"column-4\">-<\/td><td class=\"column-5\"><a href=\"https:\/\/hilfe.bussgeldinfo.org\/check\/vorwurf\/?bg=240&pt=1&fv=0&vs=geschwindigkeit&lang=hr\" target=\"_blank\" rel=\"nofollow\" class=\"LPLink pageLP\">Ovdje provjeriti<\/a><\/td>\n<\/tr>\n<tr class=\"row-5 odd\">\n\t<td class=\"column-1\">21 - 25 km\/h<\/td><td class=\"column-2\">280 \u20ac<\/td><td class=\"column-3\">1<\/td><td class=\"column-4\">-<\/td><td class=\"column-5\"><a href=\"https:\/\/hilfe.bussgeldinfo.org\/check\/vorwurf\/?bg=280&pt=1&fv=0&vs=geschwindigkeit&lang=hr\" target=\"_blank\" rel=\"nofollow\" class=\"LPLink pageLP\">Ovdje provjeriti<\/a><\/td>\n<\/tr>\n<tr class=\"row-6 even\">\n\t<td class=\"column-1\">26 - 30 km\/h<\/td><td class=\"column-2\">400 \u20ac<\/td><td class=\"column-3\">2<\/td><td class=\"column-4\">1 mjesec<\/td><td class=\"column-5\"><a href=\"https:\/\/hilfe.bussgeldinfo.org\/check\/vorwurf\/?bg=400&pt=2&fv=1&vs=geschwindigkeit&lang=hr\" target=\"_blank\" rel=\"nofollow\" class=\"LPLink pageLP\">Ovdje provjeriti<\/a><\/td>\n<\/tr>\n<tr class=\"row-7 odd\">\n\t<td class=\"column-1\">31 - 40 km\/h<\/td><td class=\"column-2\">560 \u20ac<\/td><td class=\"column-3\">2<\/td><td class=\"column-4\">1 mjesec<\/td><td class=\"column-5\"><a href=\"https:\/\/hilfe.bussgeldinfo.org\/check\/vorwurf\/?bg=560&pt=2&fv=1&vs=geschwindigkeit&lang=hr\" target=\"_blank\" rel=\"nofollow\" class=\"LPLink pageLP\">Ovdje provjeriti<\/a><\/td>\n<\/tr>\n<tr class=\"row-8 even\">\n\t<td class=\"column-1\">41 - 50 km\/h<\/td><td class=\"column-2\">700 \u20ac<\/td><td class=\"column-3\">2<\/td><td class=\"column-4\">2 mjeseca<\/td><td class=\"column-5\"><a href=\"https:\/\/hilfe.bussgeldinfo.org\/check\/vorwurf\/?bg=700&pt=2&fv=2&vs=geschwindigkeit&lang=hr\" target=\"_blank\" rel=\"nofollow\" class=\"LPLink pageLP\">Ovdje provjeriti<\/a><\/td>\n<\/tr>\n<tr class=\"row-9 odd\">\n\t<td class=\"column-1\">51 - 60 km\/h<\/td><td class=\"column-2\">800 \u20ac<\/td><td class=\"column-3\">2<\/td><td class=\"column-4\">3 mjeseca<\/td><td class=\"column-5\"><a href=\"https:\/\/hilfe.bussgeldinfo.org\/check\/vorwurf\/?bg=800&pt=2&fv=3&vs=geschwindigkeit&lang=hr\" target=\"_blank\" rel=\"nofollow\" class=\"LPLink pageLP\">Ovdje provjeriti<\/a><\/td>\n<\/tr>\n<tr class=\"row-10 even\">\n\t<td class=\"column-1\">Vi\u0161e od 60 km\/h<\/td><td class=\"column-2\">900 \u20ac<\/td><td class=\"column-3\">2<\/td><td class=\"column-4\">3 mjeseca<\/td><td class=\"column-5\"><a href=\"https:\/\/hilfe.bussgeldinfo.org\/check\/vorwurf\/?bg=900&pt=2&fv=3&vs=geschwindigkeit&lang=hr\" target=\"_blank\" rel=\"nofollow\" class=\"LPLink pageLP\">Ovdje provjeriti<\/a><\/td>\n<\/tr>\n<\/tbody>\n<\/table>\n\n<\/div>\n<div class=\"col-xl-6 pl-xl-5\">\n<h3 id=\"bussgeldkataloginnerorts\">Teretna vozila preko 3,5t s opasnim teretom ILI autobus s putnicima <em>izvan naseljenog mjesta<\/em><\/h3>\n\n<table id=\"tablepress-49\" class=\"tablepress tablepress-id-49\">\n<thead>\n<tr class=\"row-1 odd\">\n\t<th class=\"column-1\">Prekora\u010denje*<\/th><th class=\"column-2\">Nov\u010dana kazna<\/th><th class=\"column-3\">Kazneni bodovi<\/th><th class=\"column-4\">Zabrqana vo\u017enje<\/th><th class=\"column-5\">Ulo\u017eiti prigovor?<\/th>\n<\/tr>\n<\/thead>\n<tbody class=\"row-hover\">\n<tr class=\"row-2 even\">\n\t<td class=\"column-1\">Do 10 km\/h<\/td><td class=\"column-2\">70 \u20ac<\/td><td class=\"column-3\">-<\/td><td class=\"column-4\">-<\/td><td class=\"column-5\">radije ne<\/td>\n<\/tr>\n<tr class=\"row-3 odd\">\n\t<td class=\"column-1\">11 - 15 km\/h<\/td><td class=\"column-2\">120 \u20ac<\/td><td class=\"column-3\">1<\/td><td class=\"column-4\">-<\/td><td class=\"column-5\"><a href=\"https:\/\/hilfe.bussgeldinfo.org\/check\/vorwurf\/?bg=120&pt=1&fv=0&vs=geschwindigkeit&lang=hr\" target=\"_blank\" rel=\"nofollow\" class=\"LPLink pageLP\">Ovdje provjeriti<\/a><\/td>\n<\/tr>\n<tr class=\"row-4 even\">\n\t<td class=\"column-1\">16 - 20 km\/h<\/td><td class=\"column-2\">320 \u20ac<\/td><td class=\"column-3\">1<\/td><td class=\"column-4\">-<\/td><td class=\"column-5\"><a href=\"https:\/\/hilfe.bussgeldinfo.org\/check\/vorwurf\/?bg=320&pt=1&fv=0&vs=geschwindigkeit&lang=hr\" target=\"_blank\" rel=\"nofollow\" class=\"LPLink pageLP\">Ovdje provjeriti<\/a><\/td>\n<\/tr>\n<tr class=\"row-5 odd\">\n\t<td class=\"column-1\">21 - 25 km\/h<\/td><td class=\"column-2\">360 \u20ac<\/td><td class=\"column-3\">2<\/td><td class=\"column-4\">1 mjesec<\/td><td class=\"column-5\"><a href=\"https:\/\/hilfe.bussgeldinfo.org\/check\/vorwurf\/?bg=360&pt=2&fv=1&vs=geschwindigkeit&lang=hr\" target=\"_blank\" rel=\"nofollow\" class=\"LPLink pageLP\">Ovdje provjeriti<\/a><\/td>\n<\/tr>\n<tr class=\"row-6 even\">\n\t<td class=\"column-1\">26 - 30 km\/h<\/td><td class=\"column-2\">480 \u20ac<\/td><td class=\"column-3\">2<\/td><td class=\"column-4\">1 mjesec<\/td><td class=\"column-5\"><a href=\"https:\/\/hilfe.bussgeldinfo.org\/check\/vorwurf\/?bg=480&pt=2&fv=1&vs=geschwindigkeit&lang=hr\" target=\"_blank\" rel=\"nofollow\" class=\"LPLink pageLP\">Ovdje provjeriti<\/a><\/td>\n<\/tr>\n<tr class=\"row-7 odd\">\n\t<td class=\"column-1\">31 - 40 km\/h<\/td><td class=\"column-2\">640 \u20ac<\/td><td class=\"column-3\">2<\/td><td class=\"column-4\">2 mjeseca<\/td><td class=\"column-5\"><a href=\"https:\/\/hilfe.bussgeldinfo.org\/check\/vorwurf\/?bg=640&pt=2&fv=2&vs=geschwindigkeit&lang=hr\" target=\"_blank\" rel=\"nofollow\" class=\"LPLink pageLP\">Ovdje provjeriti<\/a><\/td>\n<\/tr>\n<tr class=\"row-8 even\">\n\t<td class=\"column-1\">41 - 50 km\/h<\/td><td class=\"column-2\">800 \u20ac<\/td><td class=\"column-3\">2<\/td><td class=\"column-4\">3 mjeseca<\/td><td class=\"column-5\"><a href=\"https:\/\/hilfe.bussgeldinfo.org\/check\/vorwurf\/?bg=800&pt=2&fv=3&vs=geschwindigkeit&lang=hr\" target=\"_blank\" rel=\"nofollow\" class=\"LPLink pageLP\">Ovdje provjeriti<\/a><\/td>\n<\/tr>\n<tr class=\"row-9 odd\">\n\t<td class=\"column-1\">51 - 60 km\/h<\/td><td class=\"column-2\">900 \u20ac<\/td><td class=\"column-3\">2<\/td><td class=\"column-4\">3 mjeseca<\/td><td class=\"column-5\"><a href=\"https:\/\/hilfe.bussgeldinfo.org\/check\/vorwurf\/?bg=900&pt=2&fv=3&vs=geschwindigkeit&lang=hr\" target=\"_blank\" rel=\"nofollow\" class=\"LPLink pageLP\">Ovdje provjeriti<\/a><\/td>\n<\/tr>\n<tr class=\"row-10 even\">\n\t<td class=\"column-1\">Vi\u0161e od 60 km\/h<\/td><td class=\"column-2\">950 \u20ac<\/td><td class=\"column-3\">2<\/td><td class=\"column-4\">3 mjeseca<\/td><td class=\"column-5\"><a href=\"https:\/\/hilfe.bussgeldinfo.org\/check\/vorwurf\/?bg=950&pt=2&fv=3&vs=geschwindigkeit&lang=hr\" target=\"_blank\" rel=\"nofollow\" class=\"LPLink pageLP\">Ovdje provjeriti<\/a><\/td>\n<\/tr>\n<\/tbody>\n<\/table>\n\n<\/div>\n<\/div>\n<h2>Prekora\u010denje brzine kamionom<\/h2>\n<figure id=\"attachment_2119\" aria-describedby=\"caption-attachment-2119\" style=\"width: 300px\" class=\"wp-caption alignleft\"><img loading=\"lazy\" decoding=\"async\" class=\"wp-image-2119 size-medium\" src=\"https:\/\/www.bussgeldinfo.org\/wp-content\/uploads\/2019\/09\/lkw-logistik-geschwindigkeit-300x300.jpg\" alt=\"LKW \u00c4nh\u00e4nger auf einem Parkplatz\" width=\"300\" height=\"300\" srcset=\"https:\/\/www.bussgeldinfo.org\/wp-content\/uploads\/2019\/09\/lkw-logistik-geschwindigkeit-300x300.jpg 300w, https:\/\/www.bussgeldinfo.org\/wp-content\/uploads\/2019\/09\/lkw-logistik-geschwindigkeit-150x150.jpg 150w, https:\/\/www.bussgeldinfo.org\/wp-content\/uploads\/2019\/09\/lkw-logistik-geschwindigkeit.jpg 500w\" sizes=\"auto, (max-width: 300px) 100vw, 300px\" \/><figcaption id=\"caption-attachment-2119\" class=\"wp-caption-text\">Kra\u0107a vremena isporuke \u010desto rezultiraju ve\u0107im brzinama na cesti.<\/figcaption><\/figure>\n<p>Rijetko se razmi\u0161lja o tome, ali ako pogledate oko sebe vidjet \u0107ete da su gotovo svi predmeti u na\u0161em posjedu u nekom trenutku vidjeli unutra\u0161njost kamiona. Nije va\u017eno radi li se o rupama na pisa\u0107em stolu, cipelama na nogama ili jogurtu u hladnjaku. Danas se njema\u010dkim cestama i autocestama prevozi gotovo sve. U pravilu u kamionu.<\/p>\n<p>Potaknuti sve ja\u010dim preoptere\u0107enjem naru\u010divanja i dostave na daljinu, ekspresnim isporukama preko no\u0107i i nestrpljivim kupcima, mnogi voza\u010di kamiona prirodno malo vi\u0161e stisnu gas. Svatko tko zavr\u0161i neuobi\u010dajenu udaljenost od 500 km s prosje\u010dnom brzinom od 90 km\/h umjesto 80 km\/h, zavr\u0161i posao gotovo tri \u010detvrt sata ranije. Za usporedbu: ako istu udaljenost prije\u0111ete u automobilu brzinom od 140 km\/h umjesto 130 km\/h, u\u0161tedjet \u0107ete ne\u0161to manje od \u010detvrt sata. Za sporije kamione, manja prekora\u010denja brzine isplate se puno vi\u0161e.<\/p>\n<p>Me\u0111utim, primamljiva u\u0161teda vremena nadokna\u0111ena je znatno ve\u0107im rizikom od nezgoda. Kad kamion do\u017eivi nesre\u0107u, rijetko se radi samo o o\u0161te\u0107enju lima. Isto tako, nesre\u0107e u kojima sudjeluju putni\u010dki autobusi \u010desto rezultiraju s posebno velikim brojem ozlije\u0111enih.<\/p>\n<p>Kako bi ovakvi incidenti bili \u0161to rje\u0111i, zakonodavac je postro\u017eio nov\u010dane kazne, kaznene bodove i zabranu vo\u017enje u odnosu na vo\u017enju automobilima i drugim vozilima ispod 3,5 tone. U usporedbi s automobilom, prekora\u010denje brzine kamionom dovodi do bodova i zabrane vo\u017enje jednu stepenicu ra.<\/p>\n<h2>Koliko brzo se smije voziti kamion?<\/h2>\n<p>Uz prilago\u0111ene nov\u010dane kazne, za vozila iznad odre\u0111ene veli\u010dine vrijede i druge maksimalne brzine. U gradu je situacija jo\u0161 uvijek prili\u010dno jednostavna. Ovdje maksimalna brzina od 50 km\/h vrijedi za sva vozila, bez obzira radi li se o automobilima, motociklima, kamionima ili autobusima.<\/p>\n<figure id=\"attachment_2116\" aria-describedby=\"caption-attachment-2116\" style=\"width: 300px\" class=\"wp-caption alignleft\"><img loading=\"lazy\" decoding=\"async\" class=\"size-medium wp-image-2116\" src=\"https:\/\/www.bussgeldinfo.org\/wp-content\/uploads\/2019\/09\/lkw-geschwindigkeit-autobahn-300x300.jpg\" alt=\"Ein LKW f\u00e4hrt mit \u00fcberh\u00f6hter Geschwindigkeit auf der Autobahn\" width=\"300\" height=\"300\" srcset=\"https:\/\/www.bussgeldinfo.org\/wp-content\/uploads\/2019\/09\/lkw-geschwindigkeit-autobahn-300x300.jpg 300w, https:\/\/www.bussgeldinfo.org\/wp-content\/uploads\/2019\/09\/lkw-geschwindigkeit-autobahn-150x150.jpg 150w, https:\/\/www.bussgeldinfo.org\/wp-content\/uploads\/2019\/09\/lkw-geschwindigkeit-autobahn.jpg 500w\" sizes=\"auto, (max-width: 300px) 100vw, 300px\" \/><figcaption id=\"caption-attachment-2116\" class=\"wp-caption-text\">\u0160to se ti\u010de najve\u0107e dopu\u0161tene brzine, potrebno je obratiti pozornost na nekoliko posebnih zna\u010dajki za kamione.<\/figcaption><\/figure>\n<p>Izvan grada postaje malo kompliciranije. Dok osobna vozila i manja teretna vozila smiju voziti najvi\u0161e 100 km\/h na jednotra\u010dnim saveznim i dr\u017eavnim cestama, autobusi i kamioni izme\u0111u 3,5 i 7,5 tona ukupne dopu\u0161tene mase imaju maksimalnu brzinu od 80 km\/h. Ovo se ne odnosi na autobuse u kojima se putnici prevoze bez fiksnog sjedala.Oni imaju maksimalnu brzinu od 60 km\/h. Najve\u0107a brzina od 60 km\/h vrijedi i za teretna vozila \u010dija je ukupna dopu\u0161tena masa ve\u0107a od 7,5 tona.<\/p>\n<p>Na autocesti su gotovo sva teretna vozila jednaka. Iako na autocesti nema op\u0107eg ograni\u010denja brzine za automobile i ostala vozila &#8220;normalne veli\u010dine&#8221;, autobusi i kamioni svih te\u017einskih razreda ovdje smiju voziti maksimalno 80 km\/h.<\/p>\n<p>Iznimka se odnosi na autobuse koji ispunjavaju sve kriterije iz \u010dlanka 18. stavka 5. br. 3 StVO (Zakona o cestovnom prometu). Ako su ispunjeni svi uvjeti, odgovaraju\u0107e kvalificirani autobus mo\u017ee voziti autocestom do 100 km\/h. Kriteriji uklju\u010duju ugradnju odgovaraju\u0107e postavljenog limitatora brzine. Vozila predvi\u0111ena za maksimalnu brzinu od 100 km\/h obi\u010dno su ozna\u010dena bijelom naljepnicom koja prikazuje krug s brojem 100.<\/p>\n<p>Najve\u0107a dopu\u0161tena brzina za kamione i autobuse nije uvijek ista. Tako\u0111er jako ovisi o vremenskim uvjetima. Ako vremenske prilike, stanje kolnika ili \u0161irina prometne trake ne dopu\u0161taju sigurnu vo\u017enju pod ve\u0107om brzinom, stvarnu brzinu potrebno je prilagoditi uvjetima. Na primjer, ako je vidljivost manja od 50 metara po magli ili ki\u0161i, kamioni ne smiju voziti br\u017ee od 50 km\/h. \u010cak i na mokrim ili skliskim cestama, uvijek se mora osigurati da vozilo ostane pod kontrolom i da se uvijek mo\u017ee sigurno zaustaviti.<\/p>\n<h2>Koje nov\u010dane kazne prijete?<\/h2>\n<p>Nov\u010dane kazne za prebrzu vo\u017enju kamionom su otprilike iste kao i za automobile. Manji prekr\u0161aji u po\u010detku rezultiraju nov\u010danim kaznama. No, bodovi i zabrane vo\u017enje izri\u010du se mnogo ranije. Prekr\u0161aji unutar naseljenih mjesta ka\u017enjavaju se jo\u0161 stro\u017ee nego izvan grada ili na autocesti. Osim toga, znatno se pove\u0107avaju kazne ako voza\u010d po\u010dini prekr\u0161aj i prevozi opasne tvari u kamionu ili osobe u autobusu. Zbog ve\u0107ih opasnosti za tijelo, \u017eivot i okoli\u0161 takve prekr\u0161aje treba biti posebno u\u010dinkovit u odvra\u0107anju od po\u010dinjenja takvih prekr\u0161aja.<\/p>\n<p>Da stvar bude gora, kamione i autobuse obi\u010dno voze voza\u010di s punim radnim vremenom. Akumulirani kazneni bodovi ili izravna zabrana vo\u017enje mogu brzo ko\u0161tati jednu ili vi\u0161e mjese\u010dnih pla\u0107a ili \u010dak cijeli posao u ovoj radnoj skupini.<\/p>\n","protected":false},"excerpt":{"rendered":"<p>Katalog nov\u010danih kazni za prekora\u010denje brzine kamionom (teretnim vozilom) Teretno vozilo iznad 3,5 t izvan naseljenog mjesta Teretno vozilo iznad 3,5 t unutar naseljenog mjesta Teretna vozila preko 3,5t s opasnim teretom ILI autobus s putnicima izvan naseljenog mjesta Teretna vozila preko 3,5t s opasnim teretom ILI autobus s putnicima izvan naseljenog mjesta Prekora\u010denje brzine [&hellip;]<\/p>\n","protected":false},"author":1,"featured_media":3196,"parent":3142,"menu_order":0,"comment_status":"closed","ping_status":"closed","template":"","meta":{"_acf_changed":false,"footnotes":""},"class_list":["post-3331","page","type-page","status-publish","has-post-thumbnail","hentry"],"acf":[],"_links":{"self":[{"href":"https:\/\/www.bussgeldinfo.org\/hr\/wp-json\/wp\/v2\/pages\/3331","targetHints":{"allow":["GET"]}}],"collection":[{"href":"https:\/\/www.bussgeldinfo.org\/hr\/wp-json\/wp\/v2\/pages"}],"about":[{"href":"https:\/\/www.bussgeldinfo.org\/hr\/wp-json\/wp\/v2\/types\/page"}],"author":[{"embeddable":true,"href":"https:\/\/www.bussgeldinfo.org\/hr\/wp-json\/wp\/v2\/users\/1"}],"replies":[{"embeddable":true,"href":"https:\/\/www.bussgeldinfo.org\/hr\/wp-json\/wp\/v2\/comments?post=3331"}],"version-history":[{"count":7,"href":"https:\/\/www.bussgeldinfo.org\/hr\/wp-json\/wp\/v2\/pages\/3331\/revisions"}],"predecessor-version":[{"id":3955,"href":"https:\/\/www.bussgeldinfo.org\/hr\/wp-json\/wp\/v2\/pages\/3331\/revisions\/3955"}],"up":[{"embeddable":true,"href":"https:\/\/www.bussgeldinfo.org\/hr\/wp-json\/wp\/v2\/pages\/3142"}],"wp:featuredmedia":[{"embeddable":true,"href":"https:\/\/www.bussgeldinfo.org\/hr\/wp-json\/wp\/v2\/media\/3196"}],"wp:attachment":[{"href":"https:\/\/www.bussgeldinfo.org\/hr\/wp-json\/wp\/v2\/media?parent=3331"}],"curies":[{"name":"wp","href":"https:\/\/api.w.org\/{rel}","templated":true}]}}